{"id":78853,"date":"2024-12-17T16:30:43","date_gmt":"2024-12-17T15:30:43","guid":{"rendered":"https:\/\/www.vinzenzmeier.ch\/marken-decostar\/"},"modified":"2024-12-17T18:08:07","modified_gmt":"2024-12-17T17:08:07","slug":"marques-decostar","status":"publish","type":"page","link":"https:\/\/www.vinzenzmeier.ch\/fr\/marques-decostar\/","title":{"rendered":"Marques &#8211; Decostar"},"content":{"rendered":"<p>Decostar est une marque d\u2019accessoires de qualit\u00e9 sup\u00e9rieure. Cet assortiment comprend des objets \u00e9l\u00e9gants, id\u00e9aux pour compl\u00e9ter les compositions florales et les agencements. Dans les boutiques, lors d\u2019\u00e9v\u00e9nements ou chez ta client\u00e8le, Decostar permet de cr\u00e9er des atmosph\u00e8res uniques et accueillantes en mariant \u00e0 la perfection une \u00e9l\u00e9gance intemporelle et des accents saisonniers. Tu trouveras ces accessoires dans nos succursales avec shop-in-shop de Kerzers et de M\u00f6rschwil ainsi que dans notre webshop.<\/p>\n","protected":false},"excerpt":{"rendered":"<p>Decostar est une marque d\u2019accessoires de qualit\u00e9 sup\u00e9rieure. Cet assortiment comprend des objets \u00e9l\u00e9gants, id\u00e9aux pour compl\u00e9ter les compositions florales et les agencements. Dans les boutiques, lors d\u2019\u00e9v\u00e9nements ou chez ta client\u00e8le, Decostar permet de cr\u00e9er des atmosph\u00e8res uniques et accueillantes en mariant \u00e0 la perfection une \u00e9l\u00e9gance intemporelle et des accents saisonniers. Tu trouveras [&hellip;]<\/p>\n","protected":false},"author":8,"featured_media":0,"parent":0,"menu_order":0,"comment_status":"closed","ping_status":"closed","template":"template-pages\/template-marken-blooming-walls.php","meta":{"_acf_changed":false,"footnotes":""},"class_list":["post-78853","page","type-page","status-publish","hentry"],"acf":[],"yoast_head":"<!-- This site is optimized with the Yoast SEO plugin v27.3 - https:\/\/yoast.com\/product\/yoast-seo-wordpress\/ -->\n<title>Decostar \u2013 La marque d&#039;accessoires exclusifs<\/title>\n<meta name=\"description\" content=\"Decostar te s\u00e9duira par sa qualit\u00e9 et son \u00e9l\u00e9gance intemporelle. Cet assortiment s\u2019int\u00e9grera dans tous tes concepts cr\u00e9atifs.\" \/>\n<meta name=\"robots\" content=\"index, follow, max-snippet:-1, max-image-preview:large, max-video-preview:-1\" \/>\n<link rel=\"canonical\" href=\"https:\/\/www.vinzenzmeier.ch\/fr\/marques-decostar\/\" \/>\n<meta property=\"og:locale\" content=\"fr_FR\" \/>\n<meta property=\"og:type\" content=\"article\" \/>\n<meta property=\"og:title\" content=\"Decostar \u2013 La marque d&#039;accessoires exclusifs\" \/>\n<meta property=\"og:description\" content=\"Decostar te s\u00e9duira par sa qualit\u00e9 et son \u00e9l\u00e9gance intemporelle. Cet assortiment s\u2019int\u00e9grera dans tous tes concepts cr\u00e9atifs.\" \/>\n<meta property=\"og:url\" content=\"https:\/\/www.vinzenzmeier.ch\/fr\/marques-decostar\/\" \/>\n<meta property=\"og:site_name\" content=\"Vinzenz Meier\" \/>\n<meta property=\"article:modified_time\" content=\"2024-12-17T17:08:07+00:00\" \/>\n<meta name=\"twitter:card\" content=\"summary_large_image\" \/>\n<meta name=\"twitter:label1\" content=\"Dur\u00e9e de lecture estim\u00e9e\" \/>\n\t<meta name=\"twitter:data1\" content=\"1 minute\" \/>\n<script type=\"application\/ld+json\" class=\"yoast-schema-graph\">{\"@context\":\"https:\\\/\\\/schema.org\",\"@graph\":[{\"@type\":\"WebPage\",\"@id\":\"https:\\\/\\\/www.vinzenzmeier.ch\\\/fr\\\/marques-decostar\\\/\",\"url\":\"https:\\\/\\\/www.vinzenzmeier.ch\\\/fr\\\/marques-decostar\\\/\",\"name\":\"Decostar \u2013 La marque d'accessoires exclusifs\",\"isPartOf\":{\"@id\":\"https:\\\/\\\/www.vinzenzmeier.ch\\\/#website\"},\"datePublished\":\"2024-12-17T15:30:43+00:00\",\"dateModified\":\"2024-12-17T17:08:07+00:00\",\"description\":\"Decostar te s\u00e9duira par sa qualit\u00e9 et son \u00e9l\u00e9gance intemporelle. Cet assortiment s\u2019int\u00e9grera dans tous tes concepts cr\u00e9atifs.\",\"breadcrumb\":{\"@id\":\"https:\\\/\\\/www.vinzenzmeier.ch\\\/fr\\\/marques-decostar\\\/#breadcrumb\"},\"inLanguage\":\"fr-FR\",\"potentialAction\":[{\"@type\":\"ReadAction\",\"target\":[\"https:\\\/\\\/www.vinzenzmeier.ch\\\/fr\\\/marques-decostar\\\/\"]}]},{\"@type\":\"BreadcrumbList\",\"@id\":\"https:\\\/\\\/www.vinzenzmeier.ch\\\/fr\\\/marques-decostar\\\/#breadcrumb\",\"itemListElement\":[{\"@type\":\"ListItem\",\"position\":1,\"name\":\"Startseite\",\"item\":\"https:\\\/\\\/www.vinzenzmeier.ch\\\/fr\\\/\"},{\"@type\":\"ListItem\",\"position\":2,\"name\":\"Marques &#8211; Decostar\"}]},{\"@type\":\"WebSite\",\"@id\":\"https:\\\/\\\/www.vinzenzmeier.ch\\\/#website\",\"url\":\"https:\\\/\\\/www.vinzenzmeier.ch\\\/\",\"name\":\"Vinzenz Meier\",\"description\":\"\",\"publisher\":{\"@id\":\"https:\\\/\\\/www.vinzenzmeier.ch\\\/#organization\"},\"potentialAction\":[{\"@type\":\"SearchAction\",\"target\":{\"@type\":\"EntryPoint\",\"urlTemplate\":\"https:\\\/\\\/www.vinzenzmeier.ch\\\/?s={search_term_string}\"},\"query-input\":{\"@type\":\"PropertyValueSpecification\",\"valueRequired\":true,\"valueName\":\"search_term_string\"}}],\"inLanguage\":\"fr-FR\"},{\"@type\":\"Organization\",\"@id\":\"https:\\\/\\\/www.vinzenzmeier.ch\\\/#organization\",\"name\":\"Vinzenz Meier\",\"url\":\"https:\\\/\\\/www.vinzenzmeier.ch\\\/\",\"logo\":{\"@type\":\"ImageObject\",\"inLanguage\":\"fr-FR\",\"@id\":\"https:\\\/\\\/www.vinzenzmeier.ch\\\/#\\\/schema\\\/logo\\\/image\\\/\",\"url\":\"https:\\\/\\\/www.vinzenzmeier.ch\\\/wp-content\\\/uploads\\\/2021\\\/06\\\/vinzenz_meier_logo.jpg\",\"contentUrl\":\"https:\\\/\\\/www.vinzenzmeier.ch\\\/wp-content\\\/uploads\\\/2021\\\/06\\\/vinzenz_meier_logo.jpg\",\"width\":150,\"height\":150,\"caption\":\"Vinzenz Meier\"},\"image\":{\"@id\":\"https:\\\/\\\/www.vinzenzmeier.ch\\\/#\\\/schema\\\/logo\\\/image\\\/\"}}]}<\/script>\n<!-- \/ Yoast SEO plugin. -->","yoast_head_json":{"title":"Decostar \u2013 La marque d'accessoires exclusifs","description":"Decostar te s\u00e9duira par sa qualit\u00e9 et son \u00e9l\u00e9gance intemporelle. Cet assortiment s\u2019int\u00e9grera dans tous tes concepts cr\u00e9atifs.","robots":{"index":"index","follow":"follow","max-snippet":"max-snippet:-1","max-image-preview":"max-image-preview:large","max-video-preview":"max-video-preview:-1"},"canonical":"https:\/\/www.vinzenzmeier.ch\/fr\/marques-decostar\/","og_locale":"fr_FR","og_type":"article","og_title":"Decostar \u2013 La marque d'accessoires exclusifs","og_description":"Decostar te s\u00e9duira par sa qualit\u00e9 et son \u00e9l\u00e9gance intemporelle. Cet assortiment s\u2019int\u00e9grera dans tous tes concepts cr\u00e9atifs.","og_url":"https:\/\/www.vinzenzmeier.ch\/fr\/marques-decostar\/","og_site_name":"Vinzenz Meier","article_modified_time":"2024-12-17T17:08:07+00:00","twitter_card":"summary_large_image","twitter_misc":{"Dur\u00e9e de lecture estim\u00e9e":"1 minute"},"schema":{"@context":"https:\/\/schema.org","@graph":[{"@type":"WebPage","@id":"https:\/\/www.vinzenzmeier.ch\/fr\/marques-decostar\/","url":"https:\/\/www.vinzenzmeier.ch\/fr\/marques-decostar\/","name":"Decostar \u2013 La marque d'accessoires exclusifs","isPartOf":{"@id":"https:\/\/www.vinzenzmeier.ch\/#website"},"datePublished":"2024-12-17T15:30:43+00:00","dateModified":"2024-12-17T17:08:07+00:00","description":"Decostar te s\u00e9duira par sa qualit\u00e9 et son \u00e9l\u00e9gance intemporelle. Cet assortiment s\u2019int\u00e9grera dans tous tes concepts cr\u00e9atifs.","breadcrumb":{"@id":"https:\/\/www.vinzenzmeier.ch\/fr\/marques-decostar\/#breadcrumb"},"inLanguage":"fr-FR","potentialAction":[{"@type":"ReadAction","target":["https:\/\/www.vinzenzmeier.ch\/fr\/marques-decostar\/"]}]},{"@type":"BreadcrumbList","@id":"https:\/\/www.vinzenzmeier.ch\/fr\/marques-decostar\/#breadcrumb","itemListElement":[{"@type":"ListItem","position":1,"name":"Startseite","item":"https:\/\/www.vinzenzmeier.ch\/fr\/"},{"@type":"ListItem","position":2,"name":"Marques &#8211; Decostar"}]},{"@type":"WebSite","@id":"https:\/\/www.vinzenzmeier.ch\/#website","url":"https:\/\/www.vinzenzmeier.ch\/","name":"Vinzenz Meier","description":"","publisher":{"@id":"https:\/\/www.vinzenzmeier.ch\/#organization"},"potentialAction":[{"@type":"SearchAction","target":{"@type":"EntryPoint","urlTemplate":"https:\/\/www.vinzenzmeier.ch\/?s={search_term_string}"},"query-input":{"@type":"PropertyValueSpecification","valueRequired":true,"valueName":"search_term_string"}}],"inLanguage":"fr-FR"},{"@type":"Organization","@id":"https:\/\/www.vinzenzmeier.ch\/#organization","name":"Vinzenz Meier","url":"https:\/\/www.vinzenzmeier.ch\/","logo":{"@type":"ImageObject","inLanguage":"fr-FR","@id":"https:\/\/www.vinzenzmeier.ch\/#\/schema\/logo\/image\/","url":"https:\/\/www.vinzenzmeier.ch\/wp-content\/uploads\/2021\/06\/vinzenz_meier_logo.jpg","contentUrl":"https:\/\/www.vinzenzmeier.ch\/wp-content\/uploads\/2021\/06\/vinzenz_meier_logo.jpg","width":150,"height":150,"caption":"Vinzenz Meier"},"image":{"@id":"https:\/\/www.vinzenzmeier.ch\/#\/schema\/logo\/image\/"}}]}},"_links":{"self":[{"href":"https:\/\/www.vinzenzmeier.ch\/fr\/wp-json\/wp\/v2\/pages\/78853","targetHints":{"allow":["GET"]}}],"collection":[{"href":"https:\/\/www.vinzenzmeier.ch\/fr\/wp-json\/wp\/v2\/pages"}],"about":[{"href":"https:\/\/www.vinzenzmeier.ch\/fr\/wp-json\/wp\/v2\/types\/page"}],"author":[{"embeddable":true,"href":"https:\/\/www.vinzenzmeier.ch\/fr\/wp-json\/wp\/v2\/users\/8"}],"replies":[{"embeddable":true,"href":"https:\/\/www.vinzenzmeier.ch\/fr\/wp-json\/wp\/v2\/comments?post=78853"}],"version-history":[{"count":3,"href":"https:\/\/www.vinzenzmeier.ch\/fr\/wp-json\/wp\/v2\/pages\/78853\/revisions"}],"predecessor-version":[{"id":78856,"href":"https:\/\/www.vinzenzmeier.ch\/fr\/wp-json\/wp\/v2\/pages\/78853\/revisions\/78856"}],"wp:attachment":[{"href":"https:\/\/www.vinzenzmeier.ch\/fr\/wp-json\/wp\/v2\/media?parent=78853"}],"curies":[{"name":"wp","href":"https:\/\/api.w.org\/{rel}","templated":true}]}}