{"id":77237,"date":"2024-04-23T17:09:25","date_gmt":"2024-04-23T15:09:25","guid":{"rendered":"https:\/\/www.vinzenzmeier.ch\/marken-my-senso\/"},"modified":"2025-01-08T09:29:19","modified_gmt":"2025-01-08T08:29:19","slug":"marques-my-senso","status":"publish","type":"page","link":"https:\/\/www.vinzenzmeier.ch\/fr\/marques-my-senso\/","title":{"rendered":"Marques &#8211; MySenso"},"content":{"rendered":"<p>Les parfums nous enchantent. Ils cr\u00e9ent des souvenirs uniques et nous font r\u00eaver. MySenso est un produit italien de qualit\u00e9 sup\u00e9rieure. La passion, la tradition, le savoir-faire et des ann\u00e9es d\u2019exp\u00e9rience sont la cl\u00e9 du succ\u00e8s rencontr\u00e9 par ces compositions parfum\u00e9es qui te permettront de r\u00e9aliser des atmosph\u00e8res olfactives inoubliables. Les parfums d\u2019ambiance versatiles propos\u00e9s par MySenso sont parfaits pour les logements, les bureaux, les spas et les wellness.<\/p>\n","protected":false},"excerpt":{"rendered":"<p>Les parfums nous enchantent. Ils cr\u00e9ent des souvenirs uniques et nous font r\u00eaver. MySenso est un produit italien de qualit\u00e9 sup\u00e9rieure. La passion, la tradition, le savoir-faire et des ann\u00e9es d\u2019exp\u00e9rience sont la cl\u00e9 du succ\u00e8s rencontr\u00e9 par ces compositions parfum\u00e9es qui te permettront de r\u00e9aliser des atmosph\u00e8res olfactives inoubliables. Les parfums d\u2019ambiance versatiles propos\u00e9s [&hellip;]<\/p>\n","protected":false},"author":10,"featured_media":0,"parent":0,"menu_order":0,"comment_status":"closed","ping_status":"closed","template":"template-pages\/template-marken-blooming-walls.php","meta":{"_acf_changed":false,"footnotes":""},"class_list":["post-77237","page","type-page","status-publish","hentry"],"acf":[],"yoast_head":"<!-- This site is optimized with the Yoast SEO plugin v27.3 - https:\/\/yoast.com\/product\/yoast-seo-wordpress\/ -->\n<title>Parfums d\u2019ambiance MySenso<\/title>\n<meta name=\"description\" content=\"D\u00e9couvre ta passion pour les superbes parfums d\u2019ambiance MySenso \u2013 un produit italien tr\u00e8s raffin\u00e9.\" \/>\n<meta name=\"robots\" content=\"index, follow, max-snippet:-1, max-image-preview:large, max-video-preview:-1\" \/>\n<link rel=\"canonical\" href=\"https:\/\/www.vinzenzmeier.ch\/fr\/marques-my-senso\/\" \/>\n<meta property=\"og:locale\" content=\"fr_FR\" \/>\n<meta property=\"og:type\" content=\"article\" \/>\n<meta property=\"og:title\" content=\"Parfums d\u2019ambiance MySenso\" \/>\n<meta property=\"og:description\" content=\"D\u00e9couvre ta passion pour les superbes parfums d\u2019ambiance MySenso \u2013 un produit italien tr\u00e8s raffin\u00e9.\" \/>\n<meta property=\"og:url\" content=\"https:\/\/www.vinzenzmeier.ch\/fr\/marques-my-senso\/\" \/>\n<meta property=\"og:site_name\" content=\"Vinzenz Meier\" \/>\n<meta property=\"article:modified_time\" content=\"2025-01-08T08:29:19+00:00\" \/>\n<meta name=\"twitter:card\" content=\"summary_large_image\" \/>\n<meta name=\"twitter:label1\" content=\"Dur\u00e9e de lecture estim\u00e9e\" \/>\n\t<meta name=\"twitter:data1\" content=\"1 minute\" \/>\n<script type=\"application\/ld+json\" class=\"yoast-schema-graph\">{\"@context\":\"https:\\\/\\\/schema.org\",\"@graph\":[{\"@type\":\"WebPage\",\"@id\":\"https:\\\/\\\/www.vinzenzmeier.ch\\\/fr\\\/marques-my-senso\\\/\",\"url\":\"https:\\\/\\\/www.vinzenzmeier.ch\\\/fr\\\/marques-my-senso\\\/\",\"name\":\"Parfums d\u2019ambiance MySenso\",\"isPartOf\":{\"@id\":\"https:\\\/\\\/www.vinzenzmeier.ch\\\/#website\"},\"datePublished\":\"2024-04-23T15:09:25+00:00\",\"dateModified\":\"2025-01-08T08:29:19+00:00\",\"description\":\"D\u00e9couvre ta passion pour les superbes parfums d\u2019ambiance MySenso \u2013 un produit italien tr\u00e8s raffin\u00e9.\",\"breadcrumb\":{\"@id\":\"https:\\\/\\\/www.vinzenzmeier.ch\\\/fr\\\/marques-my-senso\\\/#breadcrumb\"},\"inLanguage\":\"fr-FR\",\"potentialAction\":[{\"@type\":\"ReadAction\",\"target\":[\"https:\\\/\\\/www.vinzenzmeier.ch\\\/fr\\\/marques-my-senso\\\/\"]}]},{\"@type\":\"BreadcrumbList\",\"@id\":\"https:\\\/\\\/www.vinzenzmeier.ch\\\/fr\\\/marques-my-senso\\\/#breadcrumb\",\"itemListElement\":[{\"@type\":\"ListItem\",\"position\":1,\"name\":\"Startseite\",\"item\":\"https:\\\/\\\/www.vinzenzmeier.ch\\\/fr\\\/\"},{\"@type\":\"ListItem\",\"position\":2,\"name\":\"Marques &#8211; MySenso\"}]},{\"@type\":\"WebSite\",\"@id\":\"https:\\\/\\\/www.vinzenzmeier.ch\\\/#website\",\"url\":\"https:\\\/\\\/www.vinzenzmeier.ch\\\/\",\"name\":\"Vinzenz Meier\",\"description\":\"\",\"publisher\":{\"@id\":\"https:\\\/\\\/www.vinzenzmeier.ch\\\/#organization\"},\"potentialAction\":[{\"@type\":\"SearchAction\",\"target\":{\"@type\":\"EntryPoint\",\"urlTemplate\":\"https:\\\/\\\/www.vinzenzmeier.ch\\\/?s={search_term_string}\"},\"query-input\":{\"@type\":\"PropertyValueSpecification\",\"valueRequired\":true,\"valueName\":\"search_term_string\"}}],\"inLanguage\":\"fr-FR\"},{\"@type\":\"Organization\",\"@id\":\"https:\\\/\\\/www.vinzenzmeier.ch\\\/#organization\",\"name\":\"Vinzenz Meier\",\"url\":\"https:\\\/\\\/www.vinzenzmeier.ch\\\/\",\"logo\":{\"@type\":\"ImageObject\",\"inLanguage\":\"fr-FR\",\"@id\":\"https:\\\/\\\/www.vinzenzmeier.ch\\\/#\\\/schema\\\/logo\\\/image\\\/\",\"url\":\"https:\\\/\\\/www.vinzenzmeier.ch\\\/wp-content\\\/uploads\\\/2021\\\/06\\\/vinzenz_meier_logo.jpg\",\"contentUrl\":\"https:\\\/\\\/www.vinzenzmeier.ch\\\/wp-content\\\/uploads\\\/2021\\\/06\\\/vinzenz_meier_logo.jpg\",\"width\":150,\"height\":150,\"caption\":\"Vinzenz Meier\"},\"image\":{\"@id\":\"https:\\\/\\\/www.vinzenzmeier.ch\\\/#\\\/schema\\\/logo\\\/image\\\/\"}}]}<\/script>\n<!-- \/ Yoast SEO plugin. -->","yoast_head_json":{"title":"Parfums d\u2019ambiance MySenso","description":"D\u00e9couvre ta passion pour les superbes parfums d\u2019ambiance MySenso \u2013 un produit italien tr\u00e8s raffin\u00e9.","robots":{"index":"index","follow":"follow","max-snippet":"max-snippet:-1","max-image-preview":"max-image-preview:large","max-video-preview":"max-video-preview:-1"},"canonical":"https:\/\/www.vinzenzmeier.ch\/fr\/marques-my-senso\/","og_locale":"fr_FR","og_type":"article","og_title":"Parfums d\u2019ambiance MySenso","og_description":"D\u00e9couvre ta passion pour les superbes parfums d\u2019ambiance MySenso \u2013 un produit italien tr\u00e8s raffin\u00e9.","og_url":"https:\/\/www.vinzenzmeier.ch\/fr\/marques-my-senso\/","og_site_name":"Vinzenz Meier","article_modified_time":"2025-01-08T08:29:19+00:00","twitter_card":"summary_large_image","twitter_misc":{"Dur\u00e9e de lecture estim\u00e9e":"1 minute"},"schema":{"@context":"https:\/\/schema.org","@graph":[{"@type":"WebPage","@id":"https:\/\/www.vinzenzmeier.ch\/fr\/marques-my-senso\/","url":"https:\/\/www.vinzenzmeier.ch\/fr\/marques-my-senso\/","name":"Parfums d\u2019ambiance MySenso","isPartOf":{"@id":"https:\/\/www.vinzenzmeier.ch\/#website"},"datePublished":"2024-04-23T15:09:25+00:00","dateModified":"2025-01-08T08:29:19+00:00","description":"D\u00e9couvre ta passion pour les superbes parfums d\u2019ambiance MySenso \u2013 un produit italien tr\u00e8s raffin\u00e9.","breadcrumb":{"@id":"https:\/\/www.vinzenzmeier.ch\/fr\/marques-my-senso\/#breadcrumb"},"inLanguage":"fr-FR","potentialAction":[{"@type":"ReadAction","target":["https:\/\/www.vinzenzmeier.ch\/fr\/marques-my-senso\/"]}]},{"@type":"BreadcrumbList","@id":"https:\/\/www.vinzenzmeier.ch\/fr\/marques-my-senso\/#breadcrumb","itemListElement":[{"@type":"ListItem","position":1,"name":"Startseite","item":"https:\/\/www.vinzenzmeier.ch\/fr\/"},{"@type":"ListItem","position":2,"name":"Marques &#8211; MySenso"}]},{"@type":"WebSite","@id":"https:\/\/www.vinzenzmeier.ch\/#website","url":"https:\/\/www.vinzenzmeier.ch\/","name":"Vinzenz Meier","description":"","publisher":{"@id":"https:\/\/www.vinzenzmeier.ch\/#organization"},"potentialAction":[{"@type":"SearchAction","target":{"@type":"EntryPoint","urlTemplate":"https:\/\/www.vinzenzmeier.ch\/?s={search_term_string}"},"query-input":{"@type":"PropertyValueSpecification","valueRequired":true,"valueName":"search_term_string"}}],"inLanguage":"fr-FR"},{"@type":"Organization","@id":"https:\/\/www.vinzenzmeier.ch\/#organization","name":"Vinzenz Meier","url":"https:\/\/www.vinzenzmeier.ch\/","logo":{"@type":"ImageObject","inLanguage":"fr-FR","@id":"https:\/\/www.vinzenzmeier.ch\/#\/schema\/logo\/image\/","url":"https:\/\/www.vinzenzmeier.ch\/wp-content\/uploads\/2021\/06\/vinzenz_meier_logo.jpg","contentUrl":"https:\/\/www.vinzenzmeier.ch\/wp-content\/uploads\/2021\/06\/vinzenz_meier_logo.jpg","width":150,"height":150,"caption":"Vinzenz Meier"},"image":{"@id":"https:\/\/www.vinzenzmeier.ch\/#\/schema\/logo\/image\/"}}]}},"_links":{"self":[{"href":"https:\/\/www.vinzenzmeier.ch\/fr\/wp-json\/wp\/v2\/pages\/77237","targetHints":{"allow":["GET"]}}],"collection":[{"href":"https:\/\/www.vinzenzmeier.ch\/fr\/wp-json\/wp\/v2\/pages"}],"about":[{"href":"https:\/\/www.vinzenzmeier.ch\/fr\/wp-json\/wp\/v2\/types\/page"}],"author":[{"embeddable":true,"href":"https:\/\/www.vinzenzmeier.ch\/fr\/wp-json\/wp\/v2\/users\/10"}],"replies":[{"embeddable":true,"href":"https:\/\/www.vinzenzmeier.ch\/fr\/wp-json\/wp\/v2\/comments?post=77237"}],"version-history":[{"count":5,"href":"https:\/\/www.vinzenzmeier.ch\/fr\/wp-json\/wp\/v2\/pages\/77237\/revisions"}],"predecessor-version":[{"id":79064,"href":"https:\/\/www.vinzenzmeier.ch\/fr\/wp-json\/wp\/v2\/pages\/77237\/revisions\/79064"}],"wp:attachment":[{"href":"https:\/\/www.vinzenzmeier.ch\/fr\/wp-json\/wp\/v2\/media?parent=77237"}],"curies":[{"name":"wp","href":"https:\/\/api.w.org\/{rel}","templated":true}]}}