{"id":69340,"date":"2021-10-27T14:25:23","date_gmt":"2021-10-27T12:25:23","guid":{"rendered":"https:\/\/www.vinzenzmeier.ch\/?page_id=69340"},"modified":"2025-10-14T14:27:19","modified_gmt":"2025-10-14T12:27:19","slug":"promotion","status":"publish","type":"page","link":"https:\/\/www.vinzenzmeier.ch\/fr\/promotion\/","title":{"rendered":"Promotion"},"content":{"rendered":"<p><strong>Du 1 au 3 novembre 2024<\/strong><br \/>\n<strong>Promotion 30%: mousse florale VM<\/strong><\/p>\n<p><span lang=\"FR-CH\">Du mercredi 1 au vendredi 3 novembre, nous te proposerons notre <a href=\"https:\/\/shop.vinzenzmeier.ch\/pi\/fr\/Materiel-de-confection-766\/Verarbeitung-Bedarf\/Mousse-florale\/Mousse-pour-fleurs-fraiches\/VM-mousse-florale-23x11x8cm-35.html\">mousse florale<\/a> (marque propre de Vinzenz Meier) pour <strong>seulement CHF 13.90<\/strong> au lieu de CHF 19.90. Profite de cette offre exceptionnelle et fais des r\u00e9serves! Nous nous r\u00e9jouissons de ta visite.<\/span><\/p>\n<p>&nbsp;<\/p>\n<p>&nbsp;<\/p>\n","protected":false},"excerpt":{"rendered":"<p>Du 1 au 3 novembre 2024 Promotion 30%: mousse florale VM Du mercredi 1 au vendredi 3 novembre, nous te proposerons notre mousse florale (marque propre de Vinzenz Meier) pour seulement CHF 13.90 au lieu de CHF 19.90. Profite de cette offre exceptionnelle et fais des r\u00e9serves! Nous nous r\u00e9jouissons de ta visite. &nbsp; &nbsp;<\/p>\n","protected":false},"author":1,"featured_media":0,"parent":0,"menu_order":0,"comment_status":"closed","ping_status":"closed","template":"template-pages\/template-aktion.php","meta":{"_acf_changed":false,"footnotes":""},"class_list":["post-69340","page","type-page","status-publish","hentry"],"acf":[],"yoast_head":"<!-- This site is optimized with the Yoast SEO plugin v27.3 - https:\/\/yoast.com\/product\/yoast-seo-wordpress\/ -->\n<title>Promotion Vinzenz Meier AG - Profitez des offres sp\u00e9ciales !<\/title>\n<meta name=\"description\" content=\"Vous trouverez toujours ici les derni\u00e8res promotions de Vinzenz Meier SA. Profitez des offres sp\u00e9ciales, qui ne sont que de courte dur\u00e9e.\" \/>\n<meta name=\"robots\" content=\"index, follow, max-snippet:-1, max-image-preview:large, max-video-preview:-1\" \/>\n<link rel=\"canonical\" href=\"https:\/\/www.vinzenzmeier.ch\/fr\/promotion\/\" \/>\n<meta property=\"og:locale\" content=\"fr_FR\" \/>\n<meta property=\"og:type\" content=\"article\" \/>\n<meta property=\"og:title\" content=\"Promotion Vinzenz Meier AG - Profitez des offres sp\u00e9ciales !\" \/>\n<meta property=\"og:description\" content=\"Vous trouverez toujours ici les derni\u00e8res promotions de Vinzenz Meier SA. Profitez des offres sp\u00e9ciales, qui ne sont que de courte dur\u00e9e.\" \/>\n<meta property=\"og:url\" content=\"https:\/\/www.vinzenzmeier.ch\/fr\/promotion\/\" \/>\n<meta property=\"og:site_name\" content=\"Vinzenz Meier\" \/>\n<meta property=\"article:modified_time\" content=\"2025-10-14T12:27:19+00:00\" \/>\n<meta name=\"twitter:card\" content=\"summary_large_image\" \/>\n<meta name=\"twitter:label1\" content=\"Dur\u00e9e de lecture estim\u00e9e\" \/>\n\t<meta name=\"twitter:data1\" content=\"1 minute\" \/>\n<script type=\"application\/ld+json\" class=\"yoast-schema-graph\">{\"@context\":\"https:\\\/\\\/schema.org\",\"@graph\":[{\"@type\":\"WebPage\",\"@id\":\"https:\\\/\\\/www.vinzenzmeier.ch\\\/fr\\\/promotion\\\/\",\"url\":\"https:\\\/\\\/www.vinzenzmeier.ch\\\/fr\\\/promotion\\\/\",\"name\":\"Promotion Vinzenz Meier AG - Profitez des offres sp\u00e9ciales !\",\"isPartOf\":{\"@id\":\"https:\\\/\\\/www.vinzenzmeier.ch\\\/#website\"},\"datePublished\":\"2021-10-27T12:25:23+00:00\",\"dateModified\":\"2025-10-14T12:27:19+00:00\",\"description\":\"Vous trouverez toujours ici les derni\u00e8res promotions de Vinzenz Meier SA. Profitez des offres sp\u00e9ciales, qui ne sont que de courte dur\u00e9e.\",\"breadcrumb\":{\"@id\":\"https:\\\/\\\/www.vinzenzmeier.ch\\\/fr\\\/promotion\\\/#breadcrumb\"},\"inLanguage\":\"fr-FR\",\"potentialAction\":[{\"@type\":\"ReadAction\",\"target\":[\"https:\\\/\\\/www.vinzenzmeier.ch\\\/fr\\\/promotion\\\/\"]}]},{\"@type\":\"BreadcrumbList\",\"@id\":\"https:\\\/\\\/www.vinzenzmeier.ch\\\/fr\\\/promotion\\\/#breadcrumb\",\"itemListElement\":[{\"@type\":\"ListItem\",\"position\":1,\"name\":\"Startseite\",\"item\":\"https:\\\/\\\/www.vinzenzmeier.ch\\\/fr\\\/\"},{\"@type\":\"ListItem\",\"position\":2,\"name\":\"Promotion\"}]},{\"@type\":\"WebSite\",\"@id\":\"https:\\\/\\\/www.vinzenzmeier.ch\\\/#website\",\"url\":\"https:\\\/\\\/www.vinzenzmeier.ch\\\/\",\"name\":\"Vinzenz Meier\",\"description\":\"\",\"publisher\":{\"@id\":\"https:\\\/\\\/www.vinzenzmeier.ch\\\/#organization\"},\"potentialAction\":[{\"@type\":\"SearchAction\",\"target\":{\"@type\":\"EntryPoint\",\"urlTemplate\":\"https:\\\/\\\/www.vinzenzmeier.ch\\\/?s={search_term_string}\"},\"query-input\":{\"@type\":\"PropertyValueSpecification\",\"valueRequired\":true,\"valueName\":\"search_term_string\"}}],\"inLanguage\":\"fr-FR\"},{\"@type\":\"Organization\",\"@id\":\"https:\\\/\\\/www.vinzenzmeier.ch\\\/#organization\",\"name\":\"Vinzenz Meier\",\"url\":\"https:\\\/\\\/www.vinzenzmeier.ch\\\/\",\"logo\":{\"@type\":\"ImageObject\",\"inLanguage\":\"fr-FR\",\"@id\":\"https:\\\/\\\/www.vinzenzmeier.ch\\\/#\\\/schema\\\/logo\\\/image\\\/\",\"url\":\"https:\\\/\\\/www.vinzenzmeier.ch\\\/wp-content\\\/uploads\\\/2021\\\/06\\\/vinzenz_meier_logo.jpg\",\"contentUrl\":\"https:\\\/\\\/www.vinzenzmeier.ch\\\/wp-content\\\/uploads\\\/2021\\\/06\\\/vinzenz_meier_logo.jpg\",\"width\":150,\"height\":150,\"caption\":\"Vinzenz Meier\"},\"image\":{\"@id\":\"https:\\\/\\\/www.vinzenzmeier.ch\\\/#\\\/schema\\\/logo\\\/image\\\/\"}}]}<\/script>\n<!-- \/ Yoast SEO plugin. -->","yoast_head_json":{"title":"Promotion Vinzenz Meier AG - Profitez des offres sp\u00e9ciales !","description":"Vous trouverez toujours ici les derni\u00e8res promotions de Vinzenz Meier SA. Profitez des offres sp\u00e9ciales, qui ne sont que de courte dur\u00e9e.","robots":{"index":"index","follow":"follow","max-snippet":"max-snippet:-1","max-image-preview":"max-image-preview:large","max-video-preview":"max-video-preview:-1"},"canonical":"https:\/\/www.vinzenzmeier.ch\/fr\/promotion\/","og_locale":"fr_FR","og_type":"article","og_title":"Promotion Vinzenz Meier AG - Profitez des offres sp\u00e9ciales !","og_description":"Vous trouverez toujours ici les derni\u00e8res promotions de Vinzenz Meier SA. Profitez des offres sp\u00e9ciales, qui ne sont que de courte dur\u00e9e.","og_url":"https:\/\/www.vinzenzmeier.ch\/fr\/promotion\/","og_site_name":"Vinzenz Meier","article_modified_time":"2025-10-14T12:27:19+00:00","twitter_card":"summary_large_image","twitter_misc":{"Dur\u00e9e de lecture estim\u00e9e":"1 minute"},"schema":{"@context":"https:\/\/schema.org","@graph":[{"@type":"WebPage","@id":"https:\/\/www.vinzenzmeier.ch\/fr\/promotion\/","url":"https:\/\/www.vinzenzmeier.ch\/fr\/promotion\/","name":"Promotion Vinzenz Meier AG - Profitez des offres sp\u00e9ciales !","isPartOf":{"@id":"https:\/\/www.vinzenzmeier.ch\/#website"},"datePublished":"2021-10-27T12:25:23+00:00","dateModified":"2025-10-14T12:27:19+00:00","description":"Vous trouverez toujours ici les derni\u00e8res promotions de Vinzenz Meier SA. Profitez des offres sp\u00e9ciales, qui ne sont que de courte dur\u00e9e.","breadcrumb":{"@id":"https:\/\/www.vinzenzmeier.ch\/fr\/promotion\/#breadcrumb"},"inLanguage":"fr-FR","potentialAction":[{"@type":"ReadAction","target":["https:\/\/www.vinzenzmeier.ch\/fr\/promotion\/"]}]},{"@type":"BreadcrumbList","@id":"https:\/\/www.vinzenzmeier.ch\/fr\/promotion\/#breadcrumb","itemListElement":[{"@type":"ListItem","position":1,"name":"Startseite","item":"https:\/\/www.vinzenzmeier.ch\/fr\/"},{"@type":"ListItem","position":2,"name":"Promotion"}]},{"@type":"WebSite","@id":"https:\/\/www.vinzenzmeier.ch\/#website","url":"https:\/\/www.vinzenzmeier.ch\/","name":"Vinzenz Meier","description":"","publisher":{"@id":"https:\/\/www.vinzenzmeier.ch\/#organization"},"potentialAction":[{"@type":"SearchAction","target":{"@type":"EntryPoint","urlTemplate":"https:\/\/www.vinzenzmeier.ch\/?s={search_term_string}"},"query-input":{"@type":"PropertyValueSpecification","valueRequired":true,"valueName":"search_term_string"}}],"inLanguage":"fr-FR"},{"@type":"Organization","@id":"https:\/\/www.vinzenzmeier.ch\/#organization","name":"Vinzenz Meier","url":"https:\/\/www.vinzenzmeier.ch\/","logo":{"@type":"ImageObject","inLanguage":"fr-FR","@id":"https:\/\/www.vinzenzmeier.ch\/#\/schema\/logo\/image\/","url":"https:\/\/www.vinzenzmeier.ch\/wp-content\/uploads\/2021\/06\/vinzenz_meier_logo.jpg","contentUrl":"https:\/\/www.vinzenzmeier.ch\/wp-content\/uploads\/2021\/06\/vinzenz_meier_logo.jpg","width":150,"height":150,"caption":"Vinzenz Meier"},"image":{"@id":"https:\/\/www.vinzenzmeier.ch\/#\/schema\/logo\/image\/"}}]}},"_links":{"self":[{"href":"https:\/\/www.vinzenzmeier.ch\/fr\/wp-json\/wp\/v2\/pages\/69340","targetHints":{"allow":["GET"]}}],"collection":[{"href":"https:\/\/www.vinzenzmeier.ch\/fr\/wp-json\/wp\/v2\/pages"}],"about":[{"href":"https:\/\/www.vinzenzmeier.ch\/fr\/wp-json\/wp\/v2\/types\/page"}],"author":[{"embeddable":true,"href":"https:\/\/www.vinzenzmeier.ch\/fr\/wp-json\/wp\/v2\/users\/1"}],"replies":[{"embeddable":true,"href":"https:\/\/www.vinzenzmeier.ch\/fr\/wp-json\/wp\/v2\/comments?post=69340"}],"version-history":[{"count":47,"href":"https:\/\/www.vinzenzmeier.ch\/fr\/wp-json\/wp\/v2\/pages\/69340\/revisions"}],"predecessor-version":[{"id":80277,"href":"https:\/\/www.vinzenzmeier.ch\/fr\/wp-json\/wp\/v2\/pages\/69340\/revisions\/80277"}],"wp:attachment":[{"href":"https:\/\/www.vinzenzmeier.ch\/fr\/wp-json\/wp\/v2\/media?parent=69340"}],"curies":[{"name":"wp","href":"https:\/\/api.w.org\/{rel}","templated":true}]}}