{"id":64443,"date":"2021-07-24T11:04:56","date_gmt":"2021-07-24T09:04:56","guid":{"rendered":"https:\/\/www.vinzenzmeier.ch\/?page_id=64443"},"modified":"2021-08-18T14:27:53","modified_gmt":"2021-08-18T12:27:53","slug":"neomint-en-automne","status":"publish","type":"page","link":"https:\/\/www.vinzenzmeier.ch\/fr\/inspiration-archiv\/neomint-en-automne\/","title":{"rendered":"Neomint en automne"},"content":{"rendered":"","protected":false},"excerpt":{"rendered":"","protected":false},"author":1,"featured_media":0,"parent":62733,"menu_order":0,"comment_status":"closed","ping_status":"closed","template":"template-pages\/template-inspiration-child.php","meta":{"_acf_changed":false,"footnotes":""},"class_list":["post-64443","page","type-page","status-publish","hentry"],"acf":[],"yoast_head":"<!-- This site is optimized with the Yoast SEO plugin v27.3 - https:\/\/yoast.com\/product\/yoast-seo-wordpress\/ -->\n<title>N\u00e9o-Menthe en automne - Une symbiose entre la technologie et la nature<\/title>\n<meta name=\"description\" content=\"Soyez audacieux et m\u00e9langez les formes, les couleurs, les mat\u00e9riaux et les styles avec la nuance de menthe glac\u00e9e.\" \/>\n<meta name=\"robots\" content=\"index, follow, max-snippet:-1, max-image-preview:large, max-video-preview:-1\" \/>\n<link rel=\"canonical\" href=\"https:\/\/www.vinzenzmeier.ch\/fr\/inspiration-archiv\/neomint-en-automne\/\" \/>\n<meta property=\"og:locale\" content=\"fr_FR\" \/>\n<meta property=\"og:type\" content=\"article\" \/>\n<meta property=\"og:title\" content=\"N\u00e9o-Menthe en automne - Une symbiose entre la technologie et la nature\" \/>\n<meta property=\"og:description\" content=\"Soyez audacieux et m\u00e9langez les formes, les couleurs, les mat\u00e9riaux et les styles avec la nuance de menthe glac\u00e9e.\" \/>\n<meta property=\"og:url\" content=\"https:\/\/www.vinzenzmeier.ch\/fr\/inspiration-archiv\/neomint-en-automne\/\" \/>\n<meta property=\"og:site_name\" content=\"Vinzenz Meier\" \/>\n<meta property=\"article:modified_time\" content=\"2021-08-18T12:27:53+00:00\" \/>\n<meta name=\"twitter:card\" content=\"summary_large_image\" \/>\n<script type=\"application\/ld+json\" class=\"yoast-schema-graph\">{\"@context\":\"https:\\\/\\\/schema.org\",\"@graph\":[{\"@type\":\"WebPage\",\"@id\":\"https:\\\/\\\/www.vinzenzmeier.ch\\\/fr\\\/inspiration-archiv\\\/neomint-en-automne\\\/\",\"url\":\"https:\\\/\\\/www.vinzenzmeier.ch\\\/fr\\\/inspiration-archiv\\\/neomint-en-automne\\\/\",\"name\":\"N\u00e9o-Menthe en automne - Une symbiose entre la technologie et la nature\",\"isPartOf\":{\"@id\":\"https:\\\/\\\/www.vinzenzmeier.ch\\\/#website\"},\"datePublished\":\"2021-07-24T09:04:56+00:00\",\"dateModified\":\"2021-08-18T12:27:53+00:00\",\"description\":\"Soyez audacieux et m\u00e9langez les formes, les couleurs, les mat\u00e9riaux et les styles avec la nuance de menthe glac\u00e9e.\",\"breadcrumb\":{\"@id\":\"https:\\\/\\\/www.vinzenzmeier.ch\\\/fr\\\/inspiration-archiv\\\/neomint-en-automne\\\/#breadcrumb\"},\"inLanguage\":\"fr-FR\",\"potentialAction\":[{\"@type\":\"ReadAction\",\"target\":[\"https:\\\/\\\/www.vinzenzmeier.ch\\\/fr\\\/inspiration-archiv\\\/neomint-en-automne\\\/\"]}]},{\"@type\":\"BreadcrumbList\",\"@id\":\"https:\\\/\\\/www.vinzenzmeier.ch\\\/fr\\\/inspiration-archiv\\\/neomint-en-automne\\\/#breadcrumb\",\"itemListElement\":[{\"@type\":\"ListItem\",\"position\":1,\"name\":\"Startseite\",\"item\":\"https:\\\/\\\/www.vinzenzmeier.ch\\\/fr\\\/\"},{\"@type\":\"ListItem\",\"position\":2,\"name\":\"Inspiration Archiv\",\"item\":\"https:\\\/\\\/www.vinzenzmeier.ch\\\/fr\\\/inspiration-archiv\\\/\"},{\"@type\":\"ListItem\",\"position\":3,\"name\":\"Neomint en automne\"}]},{\"@type\":\"WebSite\",\"@id\":\"https:\\\/\\\/www.vinzenzmeier.ch\\\/#website\",\"url\":\"https:\\\/\\\/www.vinzenzmeier.ch\\\/\",\"name\":\"Vinzenz Meier\",\"description\":\"\",\"publisher\":{\"@id\":\"https:\\\/\\\/www.vinzenzmeier.ch\\\/#organization\"},\"potentialAction\":[{\"@type\":\"SearchAction\",\"target\":{\"@type\":\"EntryPoint\",\"urlTemplate\":\"https:\\\/\\\/www.vinzenzmeier.ch\\\/?s={search_term_string}\"},\"query-input\":{\"@type\":\"PropertyValueSpecification\",\"valueRequired\":true,\"valueName\":\"search_term_string\"}}],\"inLanguage\":\"fr-FR\"},{\"@type\":\"Organization\",\"@id\":\"https:\\\/\\\/www.vinzenzmeier.ch\\\/#organization\",\"name\":\"Vinzenz Meier\",\"url\":\"https:\\\/\\\/www.vinzenzmeier.ch\\\/\",\"logo\":{\"@type\":\"ImageObject\",\"inLanguage\":\"fr-FR\",\"@id\":\"https:\\\/\\\/www.vinzenzmeier.ch\\\/#\\\/schema\\\/logo\\\/image\\\/\",\"url\":\"https:\\\/\\\/www.vinzenzmeier.ch\\\/wp-content\\\/uploads\\\/2021\\\/06\\\/vinzenz_meier_logo.jpg\",\"contentUrl\":\"https:\\\/\\\/www.vinzenzmeier.ch\\\/wp-content\\\/uploads\\\/2021\\\/06\\\/vinzenz_meier_logo.jpg\",\"width\":150,\"height\":150,\"caption\":\"Vinzenz Meier\"},\"image\":{\"@id\":\"https:\\\/\\\/www.vinzenzmeier.ch\\\/#\\\/schema\\\/logo\\\/image\\\/\"}}]}<\/script>\n<!-- \/ Yoast SEO plugin. -->","yoast_head_json":{"title":"N\u00e9o-Menthe en automne - Une symbiose entre la technologie et la nature","description":"Soyez audacieux et m\u00e9langez les formes, les couleurs, les mat\u00e9riaux et les styles avec la nuance de menthe glac\u00e9e.","robots":{"index":"index","follow":"follow","max-snippet":"max-snippet:-1","max-image-preview":"max-image-preview:large","max-video-preview":"max-video-preview:-1"},"canonical":"https:\/\/www.vinzenzmeier.ch\/fr\/inspiration-archiv\/neomint-en-automne\/","og_locale":"fr_FR","og_type":"article","og_title":"N\u00e9o-Menthe en automne - Une symbiose entre la technologie et la nature","og_description":"Soyez audacieux et m\u00e9langez les formes, les couleurs, les mat\u00e9riaux et les styles avec la nuance de menthe glac\u00e9e.","og_url":"https:\/\/www.vinzenzmeier.ch\/fr\/inspiration-archiv\/neomint-en-automne\/","og_site_name":"Vinzenz Meier","article_modified_time":"2021-08-18T12:27:53+00:00","twitter_card":"summary_large_image","schema":{"@context":"https:\/\/schema.org","@graph":[{"@type":"WebPage","@id":"https:\/\/www.vinzenzmeier.ch\/fr\/inspiration-archiv\/neomint-en-automne\/","url":"https:\/\/www.vinzenzmeier.ch\/fr\/inspiration-archiv\/neomint-en-automne\/","name":"N\u00e9o-Menthe en automne - Une symbiose entre la technologie et la nature","isPartOf":{"@id":"https:\/\/www.vinzenzmeier.ch\/#website"},"datePublished":"2021-07-24T09:04:56+00:00","dateModified":"2021-08-18T12:27:53+00:00","description":"Soyez audacieux et m\u00e9langez les formes, les couleurs, les mat\u00e9riaux et les styles avec la nuance de menthe glac\u00e9e.","breadcrumb":{"@id":"https:\/\/www.vinzenzmeier.ch\/fr\/inspiration-archiv\/neomint-en-automne\/#breadcrumb"},"inLanguage":"fr-FR","potentialAction":[{"@type":"ReadAction","target":["https:\/\/www.vinzenzmeier.ch\/fr\/inspiration-archiv\/neomint-en-automne\/"]}]},{"@type":"BreadcrumbList","@id":"https:\/\/www.vinzenzmeier.ch\/fr\/inspiration-archiv\/neomint-en-automne\/#breadcrumb","itemListElement":[{"@type":"ListItem","position":1,"name":"Startseite","item":"https:\/\/www.vinzenzmeier.ch\/fr\/"},{"@type":"ListItem","position":2,"name":"Inspiration Archiv","item":"https:\/\/www.vinzenzmeier.ch\/fr\/inspiration-archiv\/"},{"@type":"ListItem","position":3,"name":"Neomint en automne"}]},{"@type":"WebSite","@id":"https:\/\/www.vinzenzmeier.ch\/#website","url":"https:\/\/www.vinzenzmeier.ch\/","name":"Vinzenz Meier","description":"","publisher":{"@id":"https:\/\/www.vinzenzmeier.ch\/#organization"},"potentialAction":[{"@type":"SearchAction","target":{"@type":"EntryPoint","urlTemplate":"https:\/\/www.vinzenzmeier.ch\/?s={search_term_string}"},"query-input":{"@type":"PropertyValueSpecification","valueRequired":true,"valueName":"search_term_string"}}],"inLanguage":"fr-FR"},{"@type":"Organization","@id":"https:\/\/www.vinzenzmeier.ch\/#organization","name":"Vinzenz Meier","url":"https:\/\/www.vinzenzmeier.ch\/","logo":{"@type":"ImageObject","inLanguage":"fr-FR","@id":"https:\/\/www.vinzenzmeier.ch\/#\/schema\/logo\/image\/","url":"https:\/\/www.vinzenzmeier.ch\/wp-content\/uploads\/2021\/06\/vinzenz_meier_logo.jpg","contentUrl":"https:\/\/www.vinzenzmeier.ch\/wp-content\/uploads\/2021\/06\/vinzenz_meier_logo.jpg","width":150,"height":150,"caption":"Vinzenz Meier"},"image":{"@id":"https:\/\/www.vinzenzmeier.ch\/#\/schema\/logo\/image\/"}}]}},"_links":{"self":[{"href":"https:\/\/www.vinzenzmeier.ch\/fr\/wp-json\/wp\/v2\/pages\/64443","targetHints":{"allow":["GET"]}}],"collection":[{"href":"https:\/\/www.vinzenzmeier.ch\/fr\/wp-json\/wp\/v2\/pages"}],"about":[{"href":"https:\/\/www.vinzenzmeier.ch\/fr\/wp-json\/wp\/v2\/types\/page"}],"author":[{"embeddable":true,"href":"https:\/\/www.vinzenzmeier.ch\/fr\/wp-json\/wp\/v2\/users\/1"}],"replies":[{"embeddable":true,"href":"https:\/\/www.vinzenzmeier.ch\/fr\/wp-json\/wp\/v2\/comments?post=64443"}],"version-history":[{"count":4,"href":"https:\/\/www.vinzenzmeier.ch\/fr\/wp-json\/wp\/v2\/pages\/64443\/revisions"}],"predecessor-version":[{"id":68447,"href":"https:\/\/www.vinzenzmeier.ch\/fr\/wp-json\/wp\/v2\/pages\/64443\/revisions\/68447"}],"up":[{"embeddable":true,"href":"https:\/\/www.vinzenzmeier.ch\/fr\/wp-json\/wp\/v2\/pages\/62733"}],"wp:attachment":[{"href":"https:\/\/www.vinzenzmeier.ch\/fr\/wp-json\/wp\/v2\/media?parent=64443"}],"curies":[{"name":"wp","href":"https:\/\/api.w.org\/{rel}","templated":true}]}}