{"id":62901,"date":"2021-06-27T20:38:27","date_gmt":"2021-06-27T18:38:27","guid":{"rendered":"https:\/\/www.vinzenzmeier.ch\/?page_id=62901"},"modified":"2026-03-30T10:48:53","modified_gmt":"2026-03-30T08:48:53","slug":"nous","status":"publish","type":"page","link":"https:\/\/www.vinzenzmeier.ch\/fr\/nous\/","title":{"rendered":"Nous"},"content":{"rendered":"<p>Ton sp\u00e9cialiste tout sauf ordinaire Ton partenaire pour la fleuristerie et la d\u00e9co Depuis sa fondation en 1938, Vinzenz Meier est au service de la branche verte. Gr\u00e2ce \u00e0 leur longue exp\u00e9rience de l\u2019importation, nos experts proposent chaque ann\u00e9e un assortiment vari\u00e9. Avec un \u0153il averti, notre \u00e9quipe ach\u00e8te les produits l\u00e0 o\u00f9 les tendances\u2026<\/p>\n","protected":false},"excerpt":{"rendered":"<p>Ton sp\u00e9cialiste tout sauf ordinaire Ton partenaire pour la fleuristerie et la d\u00e9co Depuis sa fondation en 1938, Vinzenz Meier est au service de la branche verte. Gr\u00e2ce \u00e0 leur longue exp\u00e9rience de l\u2019importation, nos experts proposent chaque ann\u00e9e un assortiment vari\u00e9. Avec un \u0153il averti, notre \u00e9quipe ach\u00e8te les produits l\u00e0 o\u00f9 les tendances\u2026<\/p>\n","protected":false},"author":1,"featured_media":0,"parent":0,"menu_order":0,"comment_status":"closed","ping_status":"closed","template":"template-pages\/template-ueber.php","meta":{"_acf_changed":false,"footnotes":""},"class_list":["post-62901","page","type-page","status-publish","hentry"],"acf":[],"yoast_head":"<!-- This site is optimized with the Yoast SEO plugin v27.3 - https:\/\/yoast.com\/product\/yoast-seo-wordpress\/ -->\n<title>Nous - Votre concessionnaire d&#039;exception Vinzenz Meier SA<\/title>\n<meta name=\"description\" content=\"Depuis sa fondation, Vinzenz Meier s&#039;est concentr\u00e9 sur les besoins de ses clients. Nous avons plus de 1500 produits \u00e0 vous proposer.\" \/>\n<meta name=\"robots\" content=\"index, follow, max-snippet:-1, max-image-preview:large, max-video-preview:-1\" \/>\n<link rel=\"canonical\" href=\"https:\/\/www.vinzenzmeier.ch\/fr\/nous\/\" \/>\n<meta property=\"og:locale\" content=\"fr_FR\" \/>\n<meta property=\"og:type\" content=\"article\" \/>\n<meta property=\"og:title\" content=\"Nous - Votre concessionnaire d&#039;exception Vinzenz Meier SA\" \/>\n<meta property=\"og:description\" content=\"Depuis sa fondation, Vinzenz Meier s&#039;est concentr\u00e9 sur les besoins de ses clients. Nous avons plus de 1500 produits \u00e0 vous proposer.\" \/>\n<meta property=\"og:url\" content=\"https:\/\/www.vinzenzmeier.ch\/fr\/nous\/\" \/>\n<meta property=\"og:site_name\" content=\"Vinzenz Meier\" \/>\n<meta property=\"article:modified_time\" content=\"2026-03-30T08:48:53+00:00\" \/>\n<meta name=\"twitter:card\" content=\"summary_large_image\" \/>\n<meta name=\"twitter:label1\" content=\"Dur\u00e9e de lecture estim\u00e9e\" \/>\n\t<meta name=\"twitter:data1\" content=\"1 minute\" \/>\n<script type=\"application\/ld+json\" class=\"yoast-schema-graph\">{\"@context\":\"https:\\\/\\\/schema.org\",\"@graph\":[{\"@type\":\"WebPage\",\"@id\":\"https:\\\/\\\/www.vinzenzmeier.ch\\\/fr\\\/nous\\\/\",\"url\":\"https:\\\/\\\/www.vinzenzmeier.ch\\\/fr\\\/nous\\\/\",\"name\":\"Nous - Votre concessionnaire d'exception Vinzenz Meier SA\",\"isPartOf\":{\"@id\":\"https:\\\/\\\/www.vinzenzmeier.ch\\\/#website\"},\"datePublished\":\"2021-06-27T18:38:27+00:00\",\"dateModified\":\"2026-03-30T08:48:53+00:00\",\"description\":\"Depuis sa fondation, Vinzenz Meier s'est concentr\u00e9 sur les besoins de ses clients. Nous avons plus de 1500 produits \u00e0 vous proposer.\",\"breadcrumb\":{\"@id\":\"https:\\\/\\\/www.vinzenzmeier.ch\\\/fr\\\/nous\\\/#breadcrumb\"},\"inLanguage\":\"fr-FR\",\"potentialAction\":[{\"@type\":\"ReadAction\",\"target\":[\"https:\\\/\\\/www.vinzenzmeier.ch\\\/fr\\\/nous\\\/\"]}]},{\"@type\":\"BreadcrumbList\",\"@id\":\"https:\\\/\\\/www.vinzenzmeier.ch\\\/fr\\\/nous\\\/#breadcrumb\",\"itemListElement\":[{\"@type\":\"ListItem\",\"position\":1,\"name\":\"Startseite\",\"item\":\"https:\\\/\\\/www.vinzenzmeier.ch\\\/fr\\\/\"},{\"@type\":\"ListItem\",\"position\":2,\"name\":\"Nous\"}]},{\"@type\":\"WebSite\",\"@id\":\"https:\\\/\\\/www.vinzenzmeier.ch\\\/#website\",\"url\":\"https:\\\/\\\/www.vinzenzmeier.ch\\\/\",\"name\":\"Vinzenz Meier\",\"description\":\"\",\"publisher\":{\"@id\":\"https:\\\/\\\/www.vinzenzmeier.ch\\\/#organization\"},\"potentialAction\":[{\"@type\":\"SearchAction\",\"target\":{\"@type\":\"EntryPoint\",\"urlTemplate\":\"https:\\\/\\\/www.vinzenzmeier.ch\\\/?s={search_term_string}\"},\"query-input\":{\"@type\":\"PropertyValueSpecification\",\"valueRequired\":true,\"valueName\":\"search_term_string\"}}],\"inLanguage\":\"fr-FR\"},{\"@type\":\"Organization\",\"@id\":\"https:\\\/\\\/www.vinzenzmeier.ch\\\/#organization\",\"name\":\"Vinzenz Meier\",\"url\":\"https:\\\/\\\/www.vinzenzmeier.ch\\\/\",\"logo\":{\"@type\":\"ImageObject\",\"inLanguage\":\"fr-FR\",\"@id\":\"https:\\\/\\\/www.vinzenzmeier.ch\\\/#\\\/schema\\\/logo\\\/image\\\/\",\"url\":\"https:\\\/\\\/www.vinzenzmeier.ch\\\/wp-content\\\/uploads\\\/2021\\\/06\\\/vinzenz_meier_logo.jpg\",\"contentUrl\":\"https:\\\/\\\/www.vinzenzmeier.ch\\\/wp-content\\\/uploads\\\/2021\\\/06\\\/vinzenz_meier_logo.jpg\",\"width\":150,\"height\":150,\"caption\":\"Vinzenz Meier\"},\"image\":{\"@id\":\"https:\\\/\\\/www.vinzenzmeier.ch\\\/#\\\/schema\\\/logo\\\/image\\\/\"}}]}<\/script>\n<!-- \/ Yoast SEO plugin. -->","yoast_head_json":{"title":"Nous - Votre concessionnaire d'exception Vinzenz Meier SA","description":"Depuis sa fondation, Vinzenz Meier s'est concentr\u00e9 sur les besoins de ses clients. Nous avons plus de 1500 produits \u00e0 vous proposer.","robots":{"index":"index","follow":"follow","max-snippet":"max-snippet:-1","max-image-preview":"max-image-preview:large","max-video-preview":"max-video-preview:-1"},"canonical":"https:\/\/www.vinzenzmeier.ch\/fr\/nous\/","og_locale":"fr_FR","og_type":"article","og_title":"Nous - Votre concessionnaire d'exception Vinzenz Meier SA","og_description":"Depuis sa fondation, Vinzenz Meier s'est concentr\u00e9 sur les besoins de ses clients. Nous avons plus de 1500 produits \u00e0 vous proposer.","og_url":"https:\/\/www.vinzenzmeier.ch\/fr\/nous\/","og_site_name":"Vinzenz Meier","article_modified_time":"2026-03-30T08:48:53+00:00","twitter_card":"summary_large_image","twitter_misc":{"Dur\u00e9e de lecture estim\u00e9e":"1 minute"},"schema":{"@context":"https:\/\/schema.org","@graph":[{"@type":"WebPage","@id":"https:\/\/www.vinzenzmeier.ch\/fr\/nous\/","url":"https:\/\/www.vinzenzmeier.ch\/fr\/nous\/","name":"Nous - Votre concessionnaire d'exception Vinzenz Meier SA","isPartOf":{"@id":"https:\/\/www.vinzenzmeier.ch\/#website"},"datePublished":"2021-06-27T18:38:27+00:00","dateModified":"2026-03-30T08:48:53+00:00","description":"Depuis sa fondation, Vinzenz Meier s'est concentr\u00e9 sur les besoins de ses clients. Nous avons plus de 1500 produits \u00e0 vous proposer.","breadcrumb":{"@id":"https:\/\/www.vinzenzmeier.ch\/fr\/nous\/#breadcrumb"},"inLanguage":"fr-FR","potentialAction":[{"@type":"ReadAction","target":["https:\/\/www.vinzenzmeier.ch\/fr\/nous\/"]}]},{"@type":"BreadcrumbList","@id":"https:\/\/www.vinzenzmeier.ch\/fr\/nous\/#breadcrumb","itemListElement":[{"@type":"ListItem","position":1,"name":"Startseite","item":"https:\/\/www.vinzenzmeier.ch\/fr\/"},{"@type":"ListItem","position":2,"name":"Nous"}]},{"@type":"WebSite","@id":"https:\/\/www.vinzenzmeier.ch\/#website","url":"https:\/\/www.vinzenzmeier.ch\/","name":"Vinzenz Meier","description":"","publisher":{"@id":"https:\/\/www.vinzenzmeier.ch\/#organization"},"potentialAction":[{"@type":"SearchAction","target":{"@type":"EntryPoint","urlTemplate":"https:\/\/www.vinzenzmeier.ch\/?s={search_term_string}"},"query-input":{"@type":"PropertyValueSpecification","valueRequired":true,"valueName":"search_term_string"}}],"inLanguage":"fr-FR"},{"@type":"Organization","@id":"https:\/\/www.vinzenzmeier.ch\/#organization","name":"Vinzenz Meier","url":"https:\/\/www.vinzenzmeier.ch\/","logo":{"@type":"ImageObject","inLanguage":"fr-FR","@id":"https:\/\/www.vinzenzmeier.ch\/#\/schema\/logo\/image\/","url":"https:\/\/www.vinzenzmeier.ch\/wp-content\/uploads\/2021\/06\/vinzenz_meier_logo.jpg","contentUrl":"https:\/\/www.vinzenzmeier.ch\/wp-content\/uploads\/2021\/06\/vinzenz_meier_logo.jpg","width":150,"height":150,"caption":"Vinzenz Meier"},"image":{"@id":"https:\/\/www.vinzenzmeier.ch\/#\/schema\/logo\/image\/"}}]}},"_links":{"self":[{"href":"https:\/\/www.vinzenzmeier.ch\/fr\/wp-json\/wp\/v2\/pages\/62901","targetHints":{"allow":["GET"]}}],"collection":[{"href":"https:\/\/www.vinzenzmeier.ch\/fr\/wp-json\/wp\/v2\/pages"}],"about":[{"href":"https:\/\/www.vinzenzmeier.ch\/fr\/wp-json\/wp\/v2\/types\/page"}],"author":[{"embeddable":true,"href":"https:\/\/www.vinzenzmeier.ch\/fr\/wp-json\/wp\/v2\/users\/1"}],"replies":[{"embeddable":true,"href":"https:\/\/www.vinzenzmeier.ch\/fr\/wp-json\/wp\/v2\/comments?post=62901"}],"version-history":[{"count":71,"href":"https:\/\/www.vinzenzmeier.ch\/fr\/wp-json\/wp\/v2\/pages\/62901\/revisions"}],"predecessor-version":[{"id":81008,"href":"https:\/\/www.vinzenzmeier.ch\/fr\/wp-json\/wp\/v2\/pages\/62901\/revisions\/81008"}],"wp:attachment":[{"href":"https:\/\/www.vinzenzmeier.ch\/fr\/wp-json\/wp\/v2\/media?parent=62901"}],"curies":[{"name":"wp","href":"https:\/\/api.w.org\/{rel}","templated":true}]}}