{"id":62871,"date":"2021-06-27T20:32:30","date_gmt":"2021-06-27T18:32:30","guid":{"rendered":"https:\/\/www.vinzenzmeier.ch\/?page_id=62871"},"modified":"2023-03-30T15:21:45","modified_gmt":"2023-03-30T13:21:45","slug":"plantes-artificielles","status":"publish","type":"page","link":"https:\/\/www.vinzenzmeier.ch\/fr\/assortiment\/plantes-artificielles\/","title":{"rendered":"Plantes artificielles"},"content":{"rendered":"<p>Plantes artificielles Les fleurs en soie et les plantes artificielles r\u00e9sistent aux courants d\u2019air, aux variations de temp\u00e9rature et aux mauvaises conditions d\u2019\u00e9clairage. Aujourd\u2019hui, elles ont perdu leur image poussi\u00e9reuse. Leur qualit\u00e9 irr\u00e9prochable s\u00e9duit les professionnels. Combin\u00e9es avec de ravissants accessoires, les cr\u00e9ations permanentes embellissent n\u2019importe quel espace. D\u00e9couvre sans tarder notre assortiment de fleurs\u2026<\/p>\n","protected":false},"excerpt":{"rendered":"<p>Plantes artificielles Les fleurs en soie et les plantes artificielles r\u00e9sistent aux courants d\u2019air, aux variations de temp\u00e9rature et aux mauvaises conditions d\u2019\u00e9clairage. Aujourd\u2019hui, elles ont perdu leur image poussi\u00e9reuse. Leur qualit\u00e9 irr\u00e9prochable s\u00e9duit les professionnels. Combin\u00e9es avec de ravissants accessoires, les cr\u00e9ations permanentes embellissent n\u2019importe quel espace. D\u00e9couvre sans tarder notre assortiment de fleurs\u2026<\/p>\n","protected":false},"author":1,"featured_media":0,"parent":62851,"menu_order":0,"comment_status":"closed","ping_status":"closed","template":"template-pages\/template-sortiment-child.php","meta":{"_acf_changed":false,"footnotes":""},"class_list":["post-62871","page","type-page","status-publish","hentry"],"acf":[],"yoast_head":"<!-- This site is optimized with the Yoast SEO plugin v27.5 - https:\/\/yoast.com\/product\/yoast-seo-wordpress\/ -->\n<title>Les plantes artificielles de Vinzenz Meier - laissez-vous inspirer !<\/title>\n<meta name=\"description\" content=\"Des pi\u00e8ces florales permanentes combin\u00e9es \u00e0 des accessoires d\u00e9coratifs animent les pi\u00e8ces les plus sophistiqu\u00e9es.\" \/>\n<meta name=\"robots\" content=\"index, follow, max-snippet:-1, max-image-preview:large, max-video-preview:-1\" \/>\n<link rel=\"canonical\" href=\"https:\/\/www.vinzenzmeier.ch\/fr\/assortiment\/plantes-artificielles\/\" \/>\n<meta property=\"og:locale\" content=\"fr_FR\" \/>\n<meta property=\"og:type\" content=\"article\" \/>\n<meta property=\"og:title\" content=\"Les plantes artificielles de Vinzenz Meier - laissez-vous inspirer !\" \/>\n<meta property=\"og:description\" content=\"Des pi\u00e8ces florales permanentes combin\u00e9es \u00e0 des accessoires d\u00e9coratifs animent les pi\u00e8ces les plus sophistiqu\u00e9es.\" \/>\n<meta property=\"og:url\" content=\"https:\/\/www.vinzenzmeier.ch\/fr\/assortiment\/plantes-artificielles\/\" \/>\n<meta property=\"og:site_name\" content=\"Vinzenz Meier\" \/>\n<meta property=\"article:modified_time\" content=\"2023-03-30T13:21:45+00:00\" \/>\n<meta name=\"twitter:card\" content=\"summary_large_image\" \/>\n<meta name=\"twitter:label1\" content=\"Dur\u00e9e de lecture estim\u00e9e\" \/>\n\t<meta name=\"twitter:data1\" content=\"1 minute\" \/>\n<script type=\"application\/ld+json\" class=\"yoast-schema-graph\">{\"@context\":\"https:\\\/\\\/schema.org\",\"@graph\":[{\"@type\":\"WebPage\",\"@id\":\"https:\\\/\\\/www.vinzenzmeier.ch\\\/fr\\\/assortiment\\\/plantes-artificielles\\\/\",\"url\":\"https:\\\/\\\/www.vinzenzmeier.ch\\\/fr\\\/assortiment\\\/plantes-artificielles\\\/\",\"name\":\"Les plantes artificielles de Vinzenz Meier - laissez-vous inspirer !\",\"isPartOf\":{\"@id\":\"https:\\\/\\\/www.vinzenzmeier.ch\\\/#website\"},\"datePublished\":\"2021-06-27T18:32:30+00:00\",\"dateModified\":\"2023-03-30T13:21:45+00:00\",\"description\":\"Des pi\u00e8ces florales permanentes combin\u00e9es \u00e0 des accessoires d\u00e9coratifs animent les pi\u00e8ces les plus sophistiqu\u00e9es.\",\"breadcrumb\":{\"@id\":\"https:\\\/\\\/www.vinzenzmeier.ch\\\/fr\\\/assortiment\\\/plantes-artificielles\\\/#breadcrumb\"},\"inLanguage\":\"fr-FR\",\"potentialAction\":[{\"@type\":\"ReadAction\",\"target\":[\"https:\\\/\\\/www.vinzenzmeier.ch\\\/fr\\\/assortiment\\\/plantes-artificielles\\\/\"]}]},{\"@type\":\"BreadcrumbList\",\"@id\":\"https:\\\/\\\/www.vinzenzmeier.ch\\\/fr\\\/assortiment\\\/plantes-artificielles\\\/#breadcrumb\",\"itemListElement\":[{\"@type\":\"ListItem\",\"position\":1,\"name\":\"Startseite\",\"item\":\"https:\\\/\\\/www.vinzenzmeier.ch\\\/fr\\\/\"},{\"@type\":\"ListItem\",\"position\":2,\"name\":\"Assortiment\",\"item\":\"https:\\\/\\\/www.vinzenzmeier.ch\\\/fr\\\/assortiment\\\/\"},{\"@type\":\"ListItem\",\"position\":3,\"name\":\"Plantes artificielles\"}]},{\"@type\":\"WebSite\",\"@id\":\"https:\\\/\\\/www.vinzenzmeier.ch\\\/#website\",\"url\":\"https:\\\/\\\/www.vinzenzmeier.ch\\\/\",\"name\":\"Vinzenz Meier\",\"description\":\"\",\"publisher\":{\"@id\":\"https:\\\/\\\/www.vinzenzmeier.ch\\\/#organization\"},\"potentialAction\":[{\"@type\":\"SearchAction\",\"target\":{\"@type\":\"EntryPoint\",\"urlTemplate\":\"https:\\\/\\\/www.vinzenzmeier.ch\\\/?s={search_term_string}\"},\"query-input\":{\"@type\":\"PropertyValueSpecification\",\"valueRequired\":true,\"valueName\":\"search_term_string\"}}],\"inLanguage\":\"fr-FR\"},{\"@type\":\"Organization\",\"@id\":\"https:\\\/\\\/www.vinzenzmeier.ch\\\/#organization\",\"name\":\"Vinzenz Meier\",\"url\":\"https:\\\/\\\/www.vinzenzmeier.ch\\\/\",\"logo\":{\"@type\":\"ImageObject\",\"inLanguage\":\"fr-FR\",\"@id\":\"https:\\\/\\\/www.vinzenzmeier.ch\\\/#\\\/schema\\\/logo\\\/image\\\/\",\"url\":\"https:\\\/\\\/www.vinzenzmeier.ch\\\/wp-content\\\/uploads\\\/2021\\\/06\\\/vinzenz_meier_logo.jpg\",\"contentUrl\":\"https:\\\/\\\/www.vinzenzmeier.ch\\\/wp-content\\\/uploads\\\/2021\\\/06\\\/vinzenz_meier_logo.jpg\",\"width\":150,\"height\":150,\"caption\":\"Vinzenz Meier\"},\"image\":{\"@id\":\"https:\\\/\\\/www.vinzenzmeier.ch\\\/#\\\/schema\\\/logo\\\/image\\\/\"}}]}<\/script>\n<!-- \/ Yoast SEO plugin. -->","yoast_head_json":{"title":"Les plantes artificielles de Vinzenz Meier - laissez-vous inspirer !","description":"Des pi\u00e8ces florales permanentes combin\u00e9es \u00e0 des accessoires d\u00e9coratifs animent les pi\u00e8ces les plus sophistiqu\u00e9es.","robots":{"index":"index","follow":"follow","max-snippet":"max-snippet:-1","max-image-preview":"max-image-preview:large","max-video-preview":"max-video-preview:-1"},"canonical":"https:\/\/www.vinzenzmeier.ch\/fr\/assortiment\/plantes-artificielles\/","og_locale":"fr_FR","og_type":"article","og_title":"Les plantes artificielles de Vinzenz Meier - laissez-vous inspirer !","og_description":"Des pi\u00e8ces florales permanentes combin\u00e9es \u00e0 des accessoires d\u00e9coratifs animent les pi\u00e8ces les plus sophistiqu\u00e9es.","og_url":"https:\/\/www.vinzenzmeier.ch\/fr\/assortiment\/plantes-artificielles\/","og_site_name":"Vinzenz Meier","article_modified_time":"2023-03-30T13:21:45+00:00","twitter_card":"summary_large_image","twitter_misc":{"Dur\u00e9e de lecture estim\u00e9e":"1 minute"},"schema":{"@context":"https:\/\/schema.org","@graph":[{"@type":"WebPage","@id":"https:\/\/www.vinzenzmeier.ch\/fr\/assortiment\/plantes-artificielles\/","url":"https:\/\/www.vinzenzmeier.ch\/fr\/assortiment\/plantes-artificielles\/","name":"Les plantes artificielles de Vinzenz Meier - laissez-vous inspirer !","isPartOf":{"@id":"https:\/\/www.vinzenzmeier.ch\/#website"},"datePublished":"2021-06-27T18:32:30+00:00","dateModified":"2023-03-30T13:21:45+00:00","description":"Des pi\u00e8ces florales permanentes combin\u00e9es \u00e0 des accessoires d\u00e9coratifs animent les pi\u00e8ces les plus sophistiqu\u00e9es.","breadcrumb":{"@id":"https:\/\/www.vinzenzmeier.ch\/fr\/assortiment\/plantes-artificielles\/#breadcrumb"},"inLanguage":"fr-FR","potentialAction":[{"@type":"ReadAction","target":["https:\/\/www.vinzenzmeier.ch\/fr\/assortiment\/plantes-artificielles\/"]}]},{"@type":"BreadcrumbList","@id":"https:\/\/www.vinzenzmeier.ch\/fr\/assortiment\/plantes-artificielles\/#breadcrumb","itemListElement":[{"@type":"ListItem","position":1,"name":"Startseite","item":"https:\/\/www.vinzenzmeier.ch\/fr\/"},{"@type":"ListItem","position":2,"name":"Assortiment","item":"https:\/\/www.vinzenzmeier.ch\/fr\/assortiment\/"},{"@type":"ListItem","position":3,"name":"Plantes artificielles"}]},{"@type":"WebSite","@id":"https:\/\/www.vinzenzmeier.ch\/#website","url":"https:\/\/www.vinzenzmeier.ch\/","name":"Vinzenz Meier","description":"","publisher":{"@id":"https:\/\/www.vinzenzmeier.ch\/#organization"},"potentialAction":[{"@type":"SearchAction","target":{"@type":"EntryPoint","urlTemplate":"https:\/\/www.vinzenzmeier.ch\/?s={search_term_string}"},"query-input":{"@type":"PropertyValueSpecification","valueRequired":true,"valueName":"search_term_string"}}],"inLanguage":"fr-FR"},{"@type":"Organization","@id":"https:\/\/www.vinzenzmeier.ch\/#organization","name":"Vinzenz Meier","url":"https:\/\/www.vinzenzmeier.ch\/","logo":{"@type":"ImageObject","inLanguage":"fr-FR","@id":"https:\/\/www.vinzenzmeier.ch\/#\/schema\/logo\/image\/","url":"https:\/\/www.vinzenzmeier.ch\/wp-content\/uploads\/2021\/06\/vinzenz_meier_logo.jpg","contentUrl":"https:\/\/www.vinzenzmeier.ch\/wp-content\/uploads\/2021\/06\/vinzenz_meier_logo.jpg","width":150,"height":150,"caption":"Vinzenz Meier"},"image":{"@id":"https:\/\/www.vinzenzmeier.ch\/#\/schema\/logo\/image\/"}}]}},"_links":{"self":[{"href":"https:\/\/www.vinzenzmeier.ch\/fr\/wp-json\/wp\/v2\/pages\/62871","targetHints":{"allow":["GET"]}}],"collection":[{"href":"https:\/\/www.vinzenzmeier.ch\/fr\/wp-json\/wp\/v2\/pages"}],"about":[{"href":"https:\/\/www.vinzenzmeier.ch\/fr\/wp-json\/wp\/v2\/types\/page"}],"author":[{"embeddable":true,"href":"https:\/\/www.vinzenzmeier.ch\/fr\/wp-json\/wp\/v2\/users\/1"}],"replies":[{"embeddable":true,"href":"https:\/\/www.vinzenzmeier.ch\/fr\/wp-json\/wp\/v2\/comments?post=62871"}],"version-history":[{"count":8,"href":"https:\/\/www.vinzenzmeier.ch\/fr\/wp-json\/wp\/v2\/pages\/62871\/revisions"}],"predecessor-version":[{"id":74277,"href":"https:\/\/www.vinzenzmeier.ch\/fr\/wp-json\/wp\/v2\/pages\/62871\/revisions\/74277"}],"up":[{"embeddable":true,"href":"https:\/\/www.vinzenzmeier.ch\/fr\/wp-json\/wp\/v2\/pages\/62851"}],"wp:attachment":[{"href":"https:\/\/www.vinzenzmeier.ch\/fr\/wp-json\/wp\/v2\/media?parent=62871"}],"curies":[{"name":"wp","href":"https:\/\/api.w.org\/{rel}","templated":true}]}}