{"id":62828,"date":"2021-06-27T20:15:30","date_gmt":"2021-06-27T18:15:30","guid":{"rendered":"https:\/\/www.vinzenzmeier.ch\/?page_id=62828"},"modified":"2023-10-23T10:18:43","modified_gmt":"2023-10-23T08:18:43","slug":"rendez-vous-de-consultation","status":"publish","type":"page","link":"https:\/\/www.vinzenzmeier.ch\/fr\/services\/rendez-vous-de-consultation\/","title":{"rendered":"rendez-vous de consultation"},"content":{"rendered":"<p>Conseils Par des professionnels, pour des professionnels Notre \u00e9quipe de vente te donne des conseils personnalis\u00e9s. Tu as des questions sur notre assortiment, les commandes et les conditions? Tu as besoin d\u2019inspiration? Tu cherches quelque chose de particulier? T\u00e9l\u00e9phone-nous ou contacte-nous par les canaux num\u00e9riques. Nous nous r\u00e9jouissons de ta prise de contact. Points de\u2026<\/p>\n","protected":false},"excerpt":{"rendered":"<p>Conseils Par des professionnels, pour des professionnels Notre \u00e9quipe de vente te donne des conseils personnalis\u00e9s. Tu as des questions sur notre assortiment, les commandes et les conditions? Tu as besoin d\u2019inspiration? Tu cherches quelque chose de particulier? T\u00e9l\u00e9phone-nous ou contacte-nous par les canaux num\u00e9riques. Nous nous r\u00e9jouissons de ta prise de contact. Points de\u2026<\/p>\n","protected":false},"author":1,"featured_media":0,"parent":62823,"menu_order":10,"comment_status":"closed","ping_status":"closed","template":"template-pages\/template-services-beratungstermin.php","meta":{"_acf_changed":false,"footnotes":""},"class_list":["post-62828","page","type-page","status-publish","hentry"],"acf":[],"yoast_head":"<!-- This site is optimized with the Yoast SEO plugin v27.3 - https:\/\/yoast.com\/product\/yoast-seo-wordpress\/ -->\n<title>Rendez-vous de consultation - Nous sommes toujours l\u00e0 pour vous<\/title>\n<meta name=\"description\" content=\"Notre \u00e9quipe de vente te donne des conseils personnalis\u00e9s. T\u00e9l\u00e9phone-nous ou contacte-nous par les canaux num\u00e9riques.\" \/>\n<meta name=\"robots\" content=\"index, follow, max-snippet:-1, max-image-preview:large, max-video-preview:-1\" \/>\n<link rel=\"canonical\" href=\"https:\/\/www.vinzenzmeier.ch\/fr\/services\/rendez-vous-de-consultation\/\" \/>\n<meta property=\"og:locale\" content=\"fr_FR\" \/>\n<meta property=\"og:type\" content=\"article\" \/>\n<meta property=\"og:title\" content=\"Rendez-vous de consultation - Nous sommes toujours l\u00e0 pour vous\" \/>\n<meta property=\"og:description\" content=\"Notre \u00e9quipe de vente te donne des conseils personnalis\u00e9s. T\u00e9l\u00e9phone-nous ou contacte-nous par les canaux num\u00e9riques.\" \/>\n<meta property=\"og:url\" content=\"https:\/\/www.vinzenzmeier.ch\/fr\/services\/rendez-vous-de-consultation\/\" \/>\n<meta property=\"og:site_name\" content=\"Vinzenz Meier\" \/>\n<meta property=\"article:modified_time\" content=\"2023-10-23T08:18:43+00:00\" \/>\n<meta name=\"twitter:card\" content=\"summary_large_image\" \/>\n<meta name=\"twitter:label1\" content=\"Dur\u00e9e de lecture estim\u00e9e\" \/>\n\t<meta name=\"twitter:data1\" content=\"1 minute\" \/>\n<script type=\"application\/ld+json\" class=\"yoast-schema-graph\">{\"@context\":\"https:\\\/\\\/schema.org\",\"@graph\":[{\"@type\":\"WebPage\",\"@id\":\"https:\\\/\\\/www.vinzenzmeier.ch\\\/fr\\\/services\\\/rendez-vous-de-consultation\\\/\",\"url\":\"https:\\\/\\\/www.vinzenzmeier.ch\\\/fr\\\/services\\\/rendez-vous-de-consultation\\\/\",\"name\":\"Rendez-vous de consultation - Nous sommes toujours l\u00e0 pour vous\",\"isPartOf\":{\"@id\":\"https:\\\/\\\/www.vinzenzmeier.ch\\\/#website\"},\"datePublished\":\"2021-06-27T18:15:30+00:00\",\"dateModified\":\"2023-10-23T08:18:43+00:00\",\"description\":\"Notre \u00e9quipe de vente te donne des conseils personnalis\u00e9s. T\u00e9l\u00e9phone-nous ou contacte-nous par les canaux num\u00e9riques.\",\"breadcrumb\":{\"@id\":\"https:\\\/\\\/www.vinzenzmeier.ch\\\/fr\\\/services\\\/rendez-vous-de-consultation\\\/#breadcrumb\"},\"inLanguage\":\"fr-FR\",\"potentialAction\":[{\"@type\":\"ReadAction\",\"target\":[\"https:\\\/\\\/www.vinzenzmeier.ch\\\/fr\\\/services\\\/rendez-vous-de-consultation\\\/\"]}]},{\"@type\":\"BreadcrumbList\",\"@id\":\"https:\\\/\\\/www.vinzenzmeier.ch\\\/fr\\\/services\\\/rendez-vous-de-consultation\\\/#breadcrumb\",\"itemListElement\":[{\"@type\":\"ListItem\",\"position\":1,\"name\":\"Startseite\",\"item\":\"https:\\\/\\\/www.vinzenzmeier.ch\\\/fr\\\/\"},{\"@type\":\"ListItem\",\"position\":2,\"name\":\"Services\",\"item\":\"https:\\\/\\\/www.vinzenzmeier.ch\\\/fr\\\/services\\\/\"},{\"@type\":\"ListItem\",\"position\":3,\"name\":\"rendez-vous de consultation\"}]},{\"@type\":\"WebSite\",\"@id\":\"https:\\\/\\\/www.vinzenzmeier.ch\\\/#website\",\"url\":\"https:\\\/\\\/www.vinzenzmeier.ch\\\/\",\"name\":\"Vinzenz Meier\",\"description\":\"\",\"publisher\":{\"@id\":\"https:\\\/\\\/www.vinzenzmeier.ch\\\/#organization\"},\"potentialAction\":[{\"@type\":\"SearchAction\",\"target\":{\"@type\":\"EntryPoint\",\"urlTemplate\":\"https:\\\/\\\/www.vinzenzmeier.ch\\\/?s={search_term_string}\"},\"query-input\":{\"@type\":\"PropertyValueSpecification\",\"valueRequired\":true,\"valueName\":\"search_term_string\"}}],\"inLanguage\":\"fr-FR\"},{\"@type\":\"Organization\",\"@id\":\"https:\\\/\\\/www.vinzenzmeier.ch\\\/#organization\",\"name\":\"Vinzenz Meier\",\"url\":\"https:\\\/\\\/www.vinzenzmeier.ch\\\/\",\"logo\":{\"@type\":\"ImageObject\",\"inLanguage\":\"fr-FR\",\"@id\":\"https:\\\/\\\/www.vinzenzmeier.ch\\\/#\\\/schema\\\/logo\\\/image\\\/\",\"url\":\"https:\\\/\\\/www.vinzenzmeier.ch\\\/wp-content\\\/uploads\\\/2021\\\/06\\\/vinzenz_meier_logo.jpg\",\"contentUrl\":\"https:\\\/\\\/www.vinzenzmeier.ch\\\/wp-content\\\/uploads\\\/2021\\\/06\\\/vinzenz_meier_logo.jpg\",\"width\":150,\"height\":150,\"caption\":\"Vinzenz Meier\"},\"image\":{\"@id\":\"https:\\\/\\\/www.vinzenzmeier.ch\\\/#\\\/schema\\\/logo\\\/image\\\/\"}}]}<\/script>\n<!-- \/ Yoast SEO plugin. -->","yoast_head_json":{"title":"Rendez-vous de consultation - Nous sommes toujours l\u00e0 pour vous","description":"Notre \u00e9quipe de vente te donne des conseils personnalis\u00e9s. T\u00e9l\u00e9phone-nous ou contacte-nous par les canaux num\u00e9riques.","robots":{"index":"index","follow":"follow","max-snippet":"max-snippet:-1","max-image-preview":"max-image-preview:large","max-video-preview":"max-video-preview:-1"},"canonical":"https:\/\/www.vinzenzmeier.ch\/fr\/services\/rendez-vous-de-consultation\/","og_locale":"fr_FR","og_type":"article","og_title":"Rendez-vous de consultation - Nous sommes toujours l\u00e0 pour vous","og_description":"Notre \u00e9quipe de vente te donne des conseils personnalis\u00e9s. T\u00e9l\u00e9phone-nous ou contacte-nous par les canaux num\u00e9riques.","og_url":"https:\/\/www.vinzenzmeier.ch\/fr\/services\/rendez-vous-de-consultation\/","og_site_name":"Vinzenz Meier","article_modified_time":"2023-10-23T08:18:43+00:00","twitter_card":"summary_large_image","twitter_misc":{"Dur\u00e9e de lecture estim\u00e9e":"1 minute"},"schema":{"@context":"https:\/\/schema.org","@graph":[{"@type":"WebPage","@id":"https:\/\/www.vinzenzmeier.ch\/fr\/services\/rendez-vous-de-consultation\/","url":"https:\/\/www.vinzenzmeier.ch\/fr\/services\/rendez-vous-de-consultation\/","name":"Rendez-vous de consultation - Nous sommes toujours l\u00e0 pour vous","isPartOf":{"@id":"https:\/\/www.vinzenzmeier.ch\/#website"},"datePublished":"2021-06-27T18:15:30+00:00","dateModified":"2023-10-23T08:18:43+00:00","description":"Notre \u00e9quipe de vente te donne des conseils personnalis\u00e9s. T\u00e9l\u00e9phone-nous ou contacte-nous par les canaux num\u00e9riques.","breadcrumb":{"@id":"https:\/\/www.vinzenzmeier.ch\/fr\/services\/rendez-vous-de-consultation\/#breadcrumb"},"inLanguage":"fr-FR","potentialAction":[{"@type":"ReadAction","target":["https:\/\/www.vinzenzmeier.ch\/fr\/services\/rendez-vous-de-consultation\/"]}]},{"@type":"BreadcrumbList","@id":"https:\/\/www.vinzenzmeier.ch\/fr\/services\/rendez-vous-de-consultation\/#breadcrumb","itemListElement":[{"@type":"ListItem","position":1,"name":"Startseite","item":"https:\/\/www.vinzenzmeier.ch\/fr\/"},{"@type":"ListItem","position":2,"name":"Services","item":"https:\/\/www.vinzenzmeier.ch\/fr\/services\/"},{"@type":"ListItem","position":3,"name":"rendez-vous de consultation"}]},{"@type":"WebSite","@id":"https:\/\/www.vinzenzmeier.ch\/#website","url":"https:\/\/www.vinzenzmeier.ch\/","name":"Vinzenz Meier","description":"","publisher":{"@id":"https:\/\/www.vinzenzmeier.ch\/#organization"},"potentialAction":[{"@type":"SearchAction","target":{"@type":"EntryPoint","urlTemplate":"https:\/\/www.vinzenzmeier.ch\/?s={search_term_string}"},"query-input":{"@type":"PropertyValueSpecification","valueRequired":true,"valueName":"search_term_string"}}],"inLanguage":"fr-FR"},{"@type":"Organization","@id":"https:\/\/www.vinzenzmeier.ch\/#organization","name":"Vinzenz Meier","url":"https:\/\/www.vinzenzmeier.ch\/","logo":{"@type":"ImageObject","inLanguage":"fr-FR","@id":"https:\/\/www.vinzenzmeier.ch\/#\/schema\/logo\/image\/","url":"https:\/\/www.vinzenzmeier.ch\/wp-content\/uploads\/2021\/06\/vinzenz_meier_logo.jpg","contentUrl":"https:\/\/www.vinzenzmeier.ch\/wp-content\/uploads\/2021\/06\/vinzenz_meier_logo.jpg","width":150,"height":150,"caption":"Vinzenz Meier"},"image":{"@id":"https:\/\/www.vinzenzmeier.ch\/#\/schema\/logo\/image\/"}}]}},"_links":{"self":[{"href":"https:\/\/www.vinzenzmeier.ch\/fr\/wp-json\/wp\/v2\/pages\/62828","targetHints":{"allow":["GET"]}}],"collection":[{"href":"https:\/\/www.vinzenzmeier.ch\/fr\/wp-json\/wp\/v2\/pages"}],"about":[{"href":"https:\/\/www.vinzenzmeier.ch\/fr\/wp-json\/wp\/v2\/types\/page"}],"author":[{"embeddable":true,"href":"https:\/\/www.vinzenzmeier.ch\/fr\/wp-json\/wp\/v2\/users\/1"}],"replies":[{"embeddable":true,"href":"https:\/\/www.vinzenzmeier.ch\/fr\/wp-json\/wp\/v2\/comments?post=62828"}],"version-history":[{"count":10,"href":"https:\/\/www.vinzenzmeier.ch\/fr\/wp-json\/wp\/v2\/pages\/62828\/revisions"}],"predecessor-version":[{"id":75636,"href":"https:\/\/www.vinzenzmeier.ch\/fr\/wp-json\/wp\/v2\/pages\/62828\/revisions\/75636"}],"up":[{"embeddable":true,"href":"https:\/\/www.vinzenzmeier.ch\/fr\/wp-json\/wp\/v2\/pages\/62823"}],"wp:attachment":[{"href":"https:\/\/www.vinzenzmeier.ch\/fr\/wp-json\/wp\/v2\/media?parent=62828"}],"curies":[{"name":"wp","href":"https:\/\/api.w.org\/{rel}","templated":true}]}}