{"id":62782,"date":"2021-06-27T20:04:36","date_gmt":"2021-06-27T18:04:36","guid":{"rendered":"https:\/\/www.vinzenzmeier.ch\/?page_id=62782"},"modified":"2021-08-18T14:41:32","modified_gmt":"2021-08-18T12:41:32","slug":"marques-fine-fragrance","status":"publish","type":"page","link":"https:\/\/www.vinzenzmeier.ch\/fr\/marques-fine-fragrance\/","title":{"rendered":"Marques &#8211; Fine Fragrance"},"content":{"rendered":"<p>Fine Fragrance Les bougies parfum\u00e9es et les parfums d\u2019ambiance de Fine Fragrance s\u00e9duisent tout le monde. Les collections tendance convainquent par leurs m\u00e9langes authentiques propos\u00e9s dans une qualit\u00e9 sup\u00e9rieure. Ces cr\u00e9ations \u00e9l\u00e9gantes m\u00ealent subtilement les tr\u00e9sors de la nature pour composer des atmosph\u00e8res raffin\u00e9es. Abonne-toi \u00e0 notre newsletter pour d\u00e9couvrir nos id\u00e9es cr\u00e9atives et toutes\u2026<\/p>\n","protected":false},"excerpt":{"rendered":"<p>Fine Fragrance Les bougies parfum\u00e9es et les parfums d\u2019ambiance de Fine Fragrance s\u00e9duisent tout le monde. Les collections tendance convainquent par leurs m\u00e9langes authentiques propos\u00e9s dans une qualit\u00e9 sup\u00e9rieure. Ces cr\u00e9ations \u00e9l\u00e9gantes m\u00ealent subtilement les tr\u00e9sors de la nature pour composer des atmosph\u00e8res raffin\u00e9es. Abonne-toi \u00e0 notre newsletter pour d\u00e9couvrir nos id\u00e9es cr\u00e9atives et toutes\u2026<\/p>\n","protected":false},"author":1,"featured_media":0,"parent":0,"menu_order":0,"comment_status":"closed","ping_status":"closed","template":"template-pages\/template-marken-blooming-walls.php","meta":{"_acf_changed":false,"footnotes":""},"class_list":["post-62782","page","type-page","status-publish","hentry"],"acf":[],"yoast_head":"<!-- This site is optimized with the Yoast SEO plugin v27.3 - https:\/\/yoast.com\/product\/yoast-seo-wordpress\/ -->\n<title>Fine Fregnance - maintenant disponible en exclusivit\u00e9 chez Vinzenz Meier<\/title>\n<meta name=\"description\" content=\"Cr\u00e9ez une ambiance personnelle avec les bougies parfum\u00e9es et les parfums d&#039;ambiance exceptionnels de Fine Fragrance.\" \/>\n<meta name=\"robots\" content=\"index, follow, max-snippet:-1, max-image-preview:large, max-video-preview:-1\" \/>\n<link rel=\"canonical\" href=\"https:\/\/www.vinzenzmeier.ch\/fr\/marques-fine-fragrance\/\" \/>\n<meta property=\"og:locale\" content=\"fr_FR\" \/>\n<meta property=\"og:type\" content=\"article\" \/>\n<meta property=\"og:title\" content=\"Fine Fregnance - maintenant disponible en exclusivit\u00e9 chez Vinzenz Meier\" \/>\n<meta property=\"og:description\" content=\"Cr\u00e9ez une ambiance personnelle avec les bougies parfum\u00e9es et les parfums d&#039;ambiance exceptionnels de Fine Fragrance.\" \/>\n<meta property=\"og:url\" content=\"https:\/\/www.vinzenzmeier.ch\/fr\/marques-fine-fragrance\/\" \/>\n<meta property=\"og:site_name\" content=\"Vinzenz Meier\" \/>\n<meta property=\"article:modified_time\" content=\"2021-08-18T12:41:32+00:00\" \/>\n<meta name=\"twitter:card\" content=\"summary_large_image\" \/>\n<script type=\"application\/ld+json\" class=\"yoast-schema-graph\">{\"@context\":\"https:\\\/\\\/schema.org\",\"@graph\":[{\"@type\":\"WebPage\",\"@id\":\"https:\\\/\\\/www.vinzenzmeier.ch\\\/fr\\\/marques-fine-fragrance\\\/\",\"url\":\"https:\\\/\\\/www.vinzenzmeier.ch\\\/fr\\\/marques-fine-fragrance\\\/\",\"name\":\"Fine Fregnance - maintenant disponible en exclusivit\u00e9 chez Vinzenz Meier\",\"isPartOf\":{\"@id\":\"https:\\\/\\\/www.vinzenzmeier.ch\\\/#website\"},\"datePublished\":\"2021-06-27T18:04:36+00:00\",\"dateModified\":\"2021-08-18T12:41:32+00:00\",\"description\":\"Cr\u00e9ez une ambiance personnelle avec les bougies parfum\u00e9es et les parfums d'ambiance exceptionnels de Fine Fragrance.\",\"breadcrumb\":{\"@id\":\"https:\\\/\\\/www.vinzenzmeier.ch\\\/fr\\\/marques-fine-fragrance\\\/#breadcrumb\"},\"inLanguage\":\"fr-FR\",\"potentialAction\":[{\"@type\":\"ReadAction\",\"target\":[\"https:\\\/\\\/www.vinzenzmeier.ch\\\/fr\\\/marques-fine-fragrance\\\/\"]}]},{\"@type\":\"BreadcrumbList\",\"@id\":\"https:\\\/\\\/www.vinzenzmeier.ch\\\/fr\\\/marques-fine-fragrance\\\/#breadcrumb\",\"itemListElement\":[{\"@type\":\"ListItem\",\"position\":1,\"name\":\"Startseite\",\"item\":\"https:\\\/\\\/www.vinzenzmeier.ch\\\/fr\\\/\"},{\"@type\":\"ListItem\",\"position\":2,\"name\":\"Marques &#8211; Fine Fragrance\"}]},{\"@type\":\"WebSite\",\"@id\":\"https:\\\/\\\/www.vinzenzmeier.ch\\\/#website\",\"url\":\"https:\\\/\\\/www.vinzenzmeier.ch\\\/\",\"name\":\"Vinzenz Meier\",\"description\":\"\",\"publisher\":{\"@id\":\"https:\\\/\\\/www.vinzenzmeier.ch\\\/#organization\"},\"potentialAction\":[{\"@type\":\"SearchAction\",\"target\":{\"@type\":\"EntryPoint\",\"urlTemplate\":\"https:\\\/\\\/www.vinzenzmeier.ch\\\/?s={search_term_string}\"},\"query-input\":{\"@type\":\"PropertyValueSpecification\",\"valueRequired\":true,\"valueName\":\"search_term_string\"}}],\"inLanguage\":\"fr-FR\"},{\"@type\":\"Organization\",\"@id\":\"https:\\\/\\\/www.vinzenzmeier.ch\\\/#organization\",\"name\":\"Vinzenz Meier\",\"url\":\"https:\\\/\\\/www.vinzenzmeier.ch\\\/\",\"logo\":{\"@type\":\"ImageObject\",\"inLanguage\":\"fr-FR\",\"@id\":\"https:\\\/\\\/www.vinzenzmeier.ch\\\/#\\\/schema\\\/logo\\\/image\\\/\",\"url\":\"https:\\\/\\\/www.vinzenzmeier.ch\\\/wp-content\\\/uploads\\\/2021\\\/06\\\/vinzenz_meier_logo.jpg\",\"contentUrl\":\"https:\\\/\\\/www.vinzenzmeier.ch\\\/wp-content\\\/uploads\\\/2021\\\/06\\\/vinzenz_meier_logo.jpg\",\"width\":150,\"height\":150,\"caption\":\"Vinzenz Meier\"},\"image\":{\"@id\":\"https:\\\/\\\/www.vinzenzmeier.ch\\\/#\\\/schema\\\/logo\\\/image\\\/\"}}]}<\/script>\n<!-- \/ Yoast SEO plugin. -->","yoast_head_json":{"title":"Fine Fregnance - maintenant disponible en exclusivit\u00e9 chez Vinzenz Meier","description":"Cr\u00e9ez une ambiance personnelle avec les bougies parfum\u00e9es et les parfums d'ambiance exceptionnels de Fine Fragrance.","robots":{"index":"index","follow":"follow","max-snippet":"max-snippet:-1","max-image-preview":"max-image-preview:large","max-video-preview":"max-video-preview:-1"},"canonical":"https:\/\/www.vinzenzmeier.ch\/fr\/marques-fine-fragrance\/","og_locale":"fr_FR","og_type":"article","og_title":"Fine Fregnance - maintenant disponible en exclusivit\u00e9 chez Vinzenz Meier","og_description":"Cr\u00e9ez une ambiance personnelle avec les bougies parfum\u00e9es et les parfums d'ambiance exceptionnels de Fine Fragrance.","og_url":"https:\/\/www.vinzenzmeier.ch\/fr\/marques-fine-fragrance\/","og_site_name":"Vinzenz Meier","article_modified_time":"2021-08-18T12:41:32+00:00","twitter_card":"summary_large_image","schema":{"@context":"https:\/\/schema.org","@graph":[{"@type":"WebPage","@id":"https:\/\/www.vinzenzmeier.ch\/fr\/marques-fine-fragrance\/","url":"https:\/\/www.vinzenzmeier.ch\/fr\/marques-fine-fragrance\/","name":"Fine Fregnance - maintenant disponible en exclusivit\u00e9 chez Vinzenz Meier","isPartOf":{"@id":"https:\/\/www.vinzenzmeier.ch\/#website"},"datePublished":"2021-06-27T18:04:36+00:00","dateModified":"2021-08-18T12:41:32+00:00","description":"Cr\u00e9ez une ambiance personnelle avec les bougies parfum\u00e9es et les parfums d'ambiance exceptionnels de Fine Fragrance.","breadcrumb":{"@id":"https:\/\/www.vinzenzmeier.ch\/fr\/marques-fine-fragrance\/#breadcrumb"},"inLanguage":"fr-FR","potentialAction":[{"@type":"ReadAction","target":["https:\/\/www.vinzenzmeier.ch\/fr\/marques-fine-fragrance\/"]}]},{"@type":"BreadcrumbList","@id":"https:\/\/www.vinzenzmeier.ch\/fr\/marques-fine-fragrance\/#breadcrumb","itemListElement":[{"@type":"ListItem","position":1,"name":"Startseite","item":"https:\/\/www.vinzenzmeier.ch\/fr\/"},{"@type":"ListItem","position":2,"name":"Marques &#8211; Fine Fragrance"}]},{"@type":"WebSite","@id":"https:\/\/www.vinzenzmeier.ch\/#website","url":"https:\/\/www.vinzenzmeier.ch\/","name":"Vinzenz Meier","description":"","publisher":{"@id":"https:\/\/www.vinzenzmeier.ch\/#organization"},"potentialAction":[{"@type":"SearchAction","target":{"@type":"EntryPoint","urlTemplate":"https:\/\/www.vinzenzmeier.ch\/?s={search_term_string}"},"query-input":{"@type":"PropertyValueSpecification","valueRequired":true,"valueName":"search_term_string"}}],"inLanguage":"fr-FR"},{"@type":"Organization","@id":"https:\/\/www.vinzenzmeier.ch\/#organization","name":"Vinzenz Meier","url":"https:\/\/www.vinzenzmeier.ch\/","logo":{"@type":"ImageObject","inLanguage":"fr-FR","@id":"https:\/\/www.vinzenzmeier.ch\/#\/schema\/logo\/image\/","url":"https:\/\/www.vinzenzmeier.ch\/wp-content\/uploads\/2021\/06\/vinzenz_meier_logo.jpg","contentUrl":"https:\/\/www.vinzenzmeier.ch\/wp-content\/uploads\/2021\/06\/vinzenz_meier_logo.jpg","width":150,"height":150,"caption":"Vinzenz Meier"},"image":{"@id":"https:\/\/www.vinzenzmeier.ch\/#\/schema\/logo\/image\/"}}]}},"_links":{"self":[{"href":"https:\/\/www.vinzenzmeier.ch\/fr\/wp-json\/wp\/v2\/pages\/62782","targetHints":{"allow":["GET"]}}],"collection":[{"href":"https:\/\/www.vinzenzmeier.ch\/fr\/wp-json\/wp\/v2\/pages"}],"about":[{"href":"https:\/\/www.vinzenzmeier.ch\/fr\/wp-json\/wp\/v2\/types\/page"}],"author":[{"embeddable":true,"href":"https:\/\/www.vinzenzmeier.ch\/fr\/wp-json\/wp\/v2\/users\/1"}],"replies":[{"embeddable":true,"href":"https:\/\/www.vinzenzmeier.ch\/fr\/wp-json\/wp\/v2\/comments?post=62782"}],"version-history":[{"count":4,"href":"https:\/\/www.vinzenzmeier.ch\/fr\/wp-json\/wp\/v2\/pages\/62782\/revisions"}],"predecessor-version":[{"id":68501,"href":"https:\/\/www.vinzenzmeier.ch\/fr\/wp-json\/wp\/v2\/pages\/62782\/revisions\/68501"}],"wp:attachment":[{"href":"https:\/\/www.vinzenzmeier.ch\/fr\/wp-json\/wp\/v2\/media?parent=62782"}],"curies":[{"name":"wp","href":"https:\/\/api.w.org\/{rel}","templated":true}]}}