{"id":62767,"date":"2021-06-27T19:53:45","date_gmt":"2021-06-27T17:53:45","guid":{"rendered":"https:\/\/www.vinzenzmeier.ch\/?page_id=62767"},"modified":"2021-08-18T14:38:52","modified_gmt":"2021-08-18T12:38:52","slug":"marques-candle-lite-company","status":"publish","type":"page","link":"https:\/\/www.vinzenzmeier.ch\/fr\/marques-candle-lite-company\/","title":{"rendered":"Marques &#8211; Candle Lite Company"},"content":{"rendered":"<p>Candle-Lite Des senteurs classiques aux tendances saisonni\u00e8res, les bougies Candle-Lite cr\u00e9ent des ambiances irr\u00e9sistibles. D\u00e9couvre sans tarder cette magnifique collection de parfums d\u2019ambiance. Cette marque de qualit\u00e9 se caract\u00e9rise par ses mati\u00e8res naturelles et par la subtilit\u00e9 de ses fragrances combin\u00e9es. Avec Candle-Lite, les amateurs de bougies parfum\u00e9es trouveront leur bonheur \u00e0 coup s\u00fbr. Abonne-toi\u2026<\/p>\n","protected":false},"excerpt":{"rendered":"<p>Candle-Lite Des senteurs classiques aux tendances saisonni\u00e8res, les bougies Candle-Lite cr\u00e9ent des ambiances irr\u00e9sistibles. D\u00e9couvre sans tarder cette magnifique collection de parfums d\u2019ambiance. Cette marque de qualit\u00e9 se caract\u00e9rise par ses mati\u00e8res naturelles et par la subtilit\u00e9 de ses fragrances combin\u00e9es. Avec Candle-Lite, les amateurs de bougies parfum\u00e9es trouveront leur bonheur \u00e0 coup s\u00fbr. Abonne-toi\u2026<\/p>\n","protected":false},"author":1,"featured_media":0,"parent":0,"menu_order":0,"comment_status":"closed","ping_status":"closed","template":"template-pages\/template-marken-blooming-walls.php","meta":{"_acf_changed":false,"footnotes":""},"class_list":["post-62767","page","type-page","status-publish","hentry"],"acf":[],"yoast_head":"<!-- This site is optimized with the Yoast SEO plugin v27.3 - https:\/\/yoast.com\/product\/yoast-seo-wordpress\/ -->\n<title>Candle Lite - maintenant disponible en exclusivit\u00e9 chez Vinzenz Meier<\/title>\n<meta name=\"description\" content=\"Des senteurs classiques aux tendances saisonni\u00e8res, les bougies Candle-Lite cr\u00e9ent des ambiances irr\u00e9sistibles.\" \/>\n<meta name=\"robots\" content=\"index, follow, max-snippet:-1, max-image-preview:large, max-video-preview:-1\" \/>\n<link rel=\"canonical\" href=\"https:\/\/www.vinzenzmeier.ch\/fr\/marques-candle-lite-company\/\" \/>\n<meta property=\"og:locale\" content=\"fr_FR\" \/>\n<meta property=\"og:type\" content=\"article\" \/>\n<meta property=\"og:title\" content=\"Candle Lite - maintenant disponible en exclusivit\u00e9 chez Vinzenz Meier\" \/>\n<meta property=\"og:description\" content=\"Des senteurs classiques aux tendances saisonni\u00e8res, les bougies Candle-Lite cr\u00e9ent des ambiances irr\u00e9sistibles.\" \/>\n<meta property=\"og:url\" content=\"https:\/\/www.vinzenzmeier.ch\/fr\/marques-candle-lite-company\/\" \/>\n<meta property=\"og:site_name\" content=\"Vinzenz Meier\" \/>\n<meta property=\"article:modified_time\" content=\"2021-08-18T12:38:52+00:00\" \/>\n<meta name=\"twitter:card\" content=\"summary_large_image\" \/>\n<script type=\"application\/ld+json\" class=\"yoast-schema-graph\">{\"@context\":\"https:\\\/\\\/schema.org\",\"@graph\":[{\"@type\":\"WebPage\",\"@id\":\"https:\\\/\\\/www.vinzenzmeier.ch\\\/fr\\\/marques-candle-lite-company\\\/\",\"url\":\"https:\\\/\\\/www.vinzenzmeier.ch\\\/fr\\\/marques-candle-lite-company\\\/\",\"name\":\"Candle Lite - maintenant disponible en exclusivit\u00e9 chez Vinzenz Meier\",\"isPartOf\":{\"@id\":\"https:\\\/\\\/www.vinzenzmeier.ch\\\/#website\"},\"datePublished\":\"2021-06-27T17:53:45+00:00\",\"dateModified\":\"2021-08-18T12:38:52+00:00\",\"description\":\"Des senteurs classiques aux tendances saisonni\u00e8res, les bougies Candle-Lite cr\u00e9ent des ambiances irr\u00e9sistibles.\",\"breadcrumb\":{\"@id\":\"https:\\\/\\\/www.vinzenzmeier.ch\\\/fr\\\/marques-candle-lite-company\\\/#breadcrumb\"},\"inLanguage\":\"fr-FR\",\"potentialAction\":[{\"@type\":\"ReadAction\",\"target\":[\"https:\\\/\\\/www.vinzenzmeier.ch\\\/fr\\\/marques-candle-lite-company\\\/\"]}]},{\"@type\":\"BreadcrumbList\",\"@id\":\"https:\\\/\\\/www.vinzenzmeier.ch\\\/fr\\\/marques-candle-lite-company\\\/#breadcrumb\",\"itemListElement\":[{\"@type\":\"ListItem\",\"position\":1,\"name\":\"Startseite\",\"item\":\"https:\\\/\\\/www.vinzenzmeier.ch\\\/fr\\\/\"},{\"@type\":\"ListItem\",\"position\":2,\"name\":\"Marques &#8211; Candle Lite Company\"}]},{\"@type\":\"WebSite\",\"@id\":\"https:\\\/\\\/www.vinzenzmeier.ch\\\/#website\",\"url\":\"https:\\\/\\\/www.vinzenzmeier.ch\\\/\",\"name\":\"Vinzenz Meier\",\"description\":\"\",\"publisher\":{\"@id\":\"https:\\\/\\\/www.vinzenzmeier.ch\\\/#organization\"},\"potentialAction\":[{\"@type\":\"SearchAction\",\"target\":{\"@type\":\"EntryPoint\",\"urlTemplate\":\"https:\\\/\\\/www.vinzenzmeier.ch\\\/?s={search_term_string}\"},\"query-input\":{\"@type\":\"PropertyValueSpecification\",\"valueRequired\":true,\"valueName\":\"search_term_string\"}}],\"inLanguage\":\"fr-FR\"},{\"@type\":\"Organization\",\"@id\":\"https:\\\/\\\/www.vinzenzmeier.ch\\\/#organization\",\"name\":\"Vinzenz Meier\",\"url\":\"https:\\\/\\\/www.vinzenzmeier.ch\\\/\",\"logo\":{\"@type\":\"ImageObject\",\"inLanguage\":\"fr-FR\",\"@id\":\"https:\\\/\\\/www.vinzenzmeier.ch\\\/#\\\/schema\\\/logo\\\/image\\\/\",\"url\":\"https:\\\/\\\/www.vinzenzmeier.ch\\\/wp-content\\\/uploads\\\/2021\\\/06\\\/vinzenz_meier_logo.jpg\",\"contentUrl\":\"https:\\\/\\\/www.vinzenzmeier.ch\\\/wp-content\\\/uploads\\\/2021\\\/06\\\/vinzenz_meier_logo.jpg\",\"width\":150,\"height\":150,\"caption\":\"Vinzenz Meier\"},\"image\":{\"@id\":\"https:\\\/\\\/www.vinzenzmeier.ch\\\/#\\\/schema\\\/logo\\\/image\\\/\"}}]}<\/script>\n<!-- \/ Yoast SEO plugin. -->","yoast_head_json":{"title":"Candle Lite - maintenant disponible en exclusivit\u00e9 chez Vinzenz Meier","description":"Des senteurs classiques aux tendances saisonni\u00e8res, les bougies Candle-Lite cr\u00e9ent des ambiances irr\u00e9sistibles.","robots":{"index":"index","follow":"follow","max-snippet":"max-snippet:-1","max-image-preview":"max-image-preview:large","max-video-preview":"max-video-preview:-1"},"canonical":"https:\/\/www.vinzenzmeier.ch\/fr\/marques-candle-lite-company\/","og_locale":"fr_FR","og_type":"article","og_title":"Candle Lite - maintenant disponible en exclusivit\u00e9 chez Vinzenz Meier","og_description":"Des senteurs classiques aux tendances saisonni\u00e8res, les bougies Candle-Lite cr\u00e9ent des ambiances irr\u00e9sistibles.","og_url":"https:\/\/www.vinzenzmeier.ch\/fr\/marques-candle-lite-company\/","og_site_name":"Vinzenz Meier","article_modified_time":"2021-08-18T12:38:52+00:00","twitter_card":"summary_large_image","schema":{"@context":"https:\/\/schema.org","@graph":[{"@type":"WebPage","@id":"https:\/\/www.vinzenzmeier.ch\/fr\/marques-candle-lite-company\/","url":"https:\/\/www.vinzenzmeier.ch\/fr\/marques-candle-lite-company\/","name":"Candle Lite - maintenant disponible en exclusivit\u00e9 chez Vinzenz Meier","isPartOf":{"@id":"https:\/\/www.vinzenzmeier.ch\/#website"},"datePublished":"2021-06-27T17:53:45+00:00","dateModified":"2021-08-18T12:38:52+00:00","description":"Des senteurs classiques aux tendances saisonni\u00e8res, les bougies Candle-Lite cr\u00e9ent des ambiances irr\u00e9sistibles.","breadcrumb":{"@id":"https:\/\/www.vinzenzmeier.ch\/fr\/marques-candle-lite-company\/#breadcrumb"},"inLanguage":"fr-FR","potentialAction":[{"@type":"ReadAction","target":["https:\/\/www.vinzenzmeier.ch\/fr\/marques-candle-lite-company\/"]}]},{"@type":"BreadcrumbList","@id":"https:\/\/www.vinzenzmeier.ch\/fr\/marques-candle-lite-company\/#breadcrumb","itemListElement":[{"@type":"ListItem","position":1,"name":"Startseite","item":"https:\/\/www.vinzenzmeier.ch\/fr\/"},{"@type":"ListItem","position":2,"name":"Marques &#8211; Candle Lite Company"}]},{"@type":"WebSite","@id":"https:\/\/www.vinzenzmeier.ch\/#website","url":"https:\/\/www.vinzenzmeier.ch\/","name":"Vinzenz Meier","description":"","publisher":{"@id":"https:\/\/www.vinzenzmeier.ch\/#organization"},"potentialAction":[{"@type":"SearchAction","target":{"@type":"EntryPoint","urlTemplate":"https:\/\/www.vinzenzmeier.ch\/?s={search_term_string}"},"query-input":{"@type":"PropertyValueSpecification","valueRequired":true,"valueName":"search_term_string"}}],"inLanguage":"fr-FR"},{"@type":"Organization","@id":"https:\/\/www.vinzenzmeier.ch\/#organization","name":"Vinzenz Meier","url":"https:\/\/www.vinzenzmeier.ch\/","logo":{"@type":"ImageObject","inLanguage":"fr-FR","@id":"https:\/\/www.vinzenzmeier.ch\/#\/schema\/logo\/image\/","url":"https:\/\/www.vinzenzmeier.ch\/wp-content\/uploads\/2021\/06\/vinzenz_meier_logo.jpg","contentUrl":"https:\/\/www.vinzenzmeier.ch\/wp-content\/uploads\/2021\/06\/vinzenz_meier_logo.jpg","width":150,"height":150,"caption":"Vinzenz Meier"},"image":{"@id":"https:\/\/www.vinzenzmeier.ch\/#\/schema\/logo\/image\/"}}]}},"_links":{"self":[{"href":"https:\/\/www.vinzenzmeier.ch\/fr\/wp-json\/wp\/v2\/pages\/62767","targetHints":{"allow":["GET"]}}],"collection":[{"href":"https:\/\/www.vinzenzmeier.ch\/fr\/wp-json\/wp\/v2\/pages"}],"about":[{"href":"https:\/\/www.vinzenzmeier.ch\/fr\/wp-json\/wp\/v2\/types\/page"}],"author":[{"embeddable":true,"href":"https:\/\/www.vinzenzmeier.ch\/fr\/wp-json\/wp\/v2\/users\/1"}],"replies":[{"embeddable":true,"href":"https:\/\/www.vinzenzmeier.ch\/fr\/wp-json\/wp\/v2\/comments?post=62767"}],"version-history":[{"count":3,"href":"https:\/\/www.vinzenzmeier.ch\/fr\/wp-json\/wp\/v2\/pages\/62767\/revisions"}],"predecessor-version":[{"id":68381,"href":"https:\/\/www.vinzenzmeier.ch\/fr\/wp-json\/wp\/v2\/pages\/62767\/revisions\/68381"}],"wp:attachment":[{"href":"https:\/\/www.vinzenzmeier.ch\/fr\/wp-json\/wp\/v2\/media?parent=62767"}],"curies":[{"name":"wp","href":"https:\/\/api.w.org\/{rel}","templated":true}]}}