{"id":62698,"date":"2021-06-27T19:35:42","date_gmt":"2021-06-27T17:35:42","guid":{"rendered":"https:\/\/www.vinzenzmeier.ch\/?page_id=62698"},"modified":"2026-03-25T09:25:40","modified_gmt":"2026-03-25T08:25:40","slug":"dispositions-dachat","status":"publish","type":"page","link":"https:\/\/www.vinzenzmeier.ch\/fr\/dispositions-dachat\/","title":{"rendered":"Conditions d\u2019achat"},"content":{"rendered":"<p>Avec le lancement de la carte client\u00e8le VM, Vinzenz Meier SA, 8050 Zurich (ci-apr\u00e8s \u00abVinzenz Meier\u00bb) souhaite cr\u00e9er dans ses succursales des structures d\u2019achat claires pour le commerce sp\u00e9cialis\u00e9 dans le domaine des articles de d\u00e9coration et des accessoires de fleuristerie. Cette carte te donne le droit de faire des achats dans toutes les succursales Vinzenz Meier et dans notre boutique en ligne.<\/p>\n<p><strong>Important:<\/strong> pour effectuer des achats dans les shop-in-shops, tu devras pr\u00e9senter ta <a href=\"https:\/\/www.vinzenzmeier.ch\/wp-content\/uploads\/2025\/03\/kundenkartenantrag-greencard-vinzenz-meier-f.pdf\" target=\"_blank\" rel=\"noopener\">greenCard<\/a> ou ta <a href=\"https:\/\/www.vinzenzmeier.ch\/wp-content\/uploads\/2025\/03\/kundenkartenantrag-yellowcard-vinzenz-meier-f.pdf\" target=\"_blank\" rel=\"noopener\">yellowCard;<\/a> ces cartes sont uniquement \u00e9mises par les Blumenb\u00f6rsen.<\/p>\n<p>&nbsp;<\/p>\n<h2>1. Demandes de carte<\/h2>\n<p>Tu trouveras le formulaire sur notre site www.vinzenzmeier.ch \u00e0 la rubrique <a href=\"https:\/\/www.vinzenzmeier.ch\/fr\/services\/carte-client\/\">Services &gt; Carte client\u00e8le;<\/a> tu peux remplir le formulaire directement sur le site ou le t\u00e9l\u00e9charger. Merci de nous renvoyer \u00e0 l\u2019adresse indiqu\u00e9e le formulaire d\u00fbment rempli en n\u2019oubliant pas de joindre les justificatifs demand\u00e9s. Les formulaires incomplets, sans justificatifs ou remplis par des particuliers ne pourront pas \u00eatre valid\u00e9s.<\/p>\n<p><a href=\"https:\/\/www.vinzenzmeier.ch\/fr\/cgv\/\">Les conditions g\u00e9n\u00e9rales de vente (CGV)<\/a> ainsi que la d\u00e9claration actuelle de <a href=\"https:\/\/www.vinzenzmeier.ch\/fr\/protection-des-donnees-2\/\">protection des donn\u00e9es<\/a> de Vinzenz Meier s&rsquo;appliquent.<\/p>\n<p>&nbsp;<\/p>\n<h2>2. Carte client\u00e8le<\/h2>\n<p>Une seule carte client\u00e8le sera \u00e9tablie par demande. Les cartes additionnelles doivent \u00eatre demand\u00e9es par \u00e9crit. Mentionne les raisons. La direction d\u00e9cidera au cas par cas. En tant que grossiste, Vinzenz Meier sert uniquement le commerce sp\u00e9cialis\u00e9 et pas les particuliers.<\/p>\n<p>Le principe de base est le suivant: pas de vente sans carte client\u00e8le! Pr\u00e9sente spontan\u00e9ment ta carte client\u00e8le lors de chaque achat. Le code-barres EAN de ta carte client\u00e8le permet de traiter tes commandes efficacement et sans erreurs.<\/p>\n<p>Quels secteurs professionnels peuvent-ils demander une carte client\u00e8le?<\/p>\n<ul>\n<li>Commerce de d\u00e9tail (revente)<\/li>\n<li>Fournisseurs de services \/ Artisans<\/li>\n<li>Institutions publiques ou sociales<\/li>\n<li>Restauration<\/li>\n<\/ul>\n<p>&nbsp;<\/p>\n<h2>3. Application<\/h2>\n<p>La carte client\u00e8le ne peut \u00eatre utilis\u00e9e que par le propri\u00e9taire de l\u2019entreprise et son personnel pour effectuer des achats li\u00e9s \u00e0 l\u2019entreprise. Au maximum une personne accompagnante est autoris\u00e9e pour chaque achat. Par principe, les particuliers ne sont pas autoris\u00e9s \u00e0 effectuer des achats. Tout abus sera puni. Le cas \u00e9ch\u00e9ant, la carte sera bloqu\u00e9e par Vinzenz Meier. La responsabilit\u00e9 incombe \u00e0 la personne qui a demand\u00e9 la carte. Toute perte de carte doit \u00eatre imm\u00e9diatement signal\u00e9e.<\/p>\n<p>&nbsp;<\/p>\n<h2>4. Frais<\/h2>\n<p>L\u2019\u00e9tablissement de la premi\u00e8re carte client\u00e8le par Vinzenz Meier et les changements d\u2019adresse sont gratuits. Les cartes additionnelles ou de remplacement (en cas de vol ou de perte) seront factur\u00e9es <strong>CHF 30.00.<\/strong> Les prix s\u2019entendent TVA incluse.<\/p>\n<p>&nbsp;<\/p>\n<h2>5. Validit\u00e9<\/h2>\n<p>La carte client\u00e8le a une validit\u00e9 illimit\u00e9e.<\/p>\n<p>&nbsp;<\/p>\n<h2>6. Obligation de d\u00e9claration<\/h2>\n<p>Toute mutation concernant l\u2019adresse, la forme juridique et le statut de l\u2019entreprise ainsi que les d\u00e9parts et les changements des personnes habilit\u00e9es \u00e0 effectuer des achats doivent imm\u00e9diatement \u00eatre annonc\u00e9s \u00e0 Vinzenz Meier de la mani\u00e8re suivante:<\/p>\n<ul>\n<li>Les mutations d\u2019adresse doivent \u00eatre annonc\u00e9es par \u00e9crit \u00e0 <a href=\"mailto:info@vinzenzmeier.ch\">info@vinzenzmeier.ch.<\/a><\/li>\n<li>En cas de changement concernant la forme juridique, la carte doit \u00eatre renvoy\u00e9e \u00e0 Vinzenz Meier et une nouvelle carte doit \u00eatre demand\u00e9e. L\u2019ancienne carte sera d\u00e9sactiv\u00e9e.<\/li>\n<li>En cas de cessation d\u2019activit\u00e9, la carte doit \u00eatre renvoy\u00e9e \u00e0 Vinzenz Meier. Elle sera d\u00e9sactiv\u00e9e.<\/li>\n<li>Toute mutation d\u2019une personne habilit\u00e9e \u00e0 effectuer les achats doit \u00eatre annonc\u00e9e par \u00e9crit \u00e0 Vinzenz Meier en mentionnant le nom de la personne partie et celui de la nouvelle personne habilit\u00e9e \u00e0 effectuer des achats.<\/li>\n<\/ul>\n<p>&nbsp;<\/p>\n<h2>7. Conditions de paiement<\/h2>\n<p>Apr\u00e8s une ann\u00e9e au plus t\u00f4t et seulement en cas d\u2019achats r\u00e9guliers, il est possible d\u2019envoyer une demande pour payer les achats de marchandises sur facture. Cette demande doit \u00eatre adress\u00e9e par \u00e9crit \u00e0 Vinzenz Meier.<br \/>\nLes factures sont envoy\u00e9es par voie \u00e9lectronique sous forme de PDF et sont payables net \u00e0 30 jours.<\/p>\n<p>&nbsp;<\/p>\n<h2>8. Newsletter<\/h2>\n<p>En indiquant son adresse e-mail, la personne d\u00e9clare \u00eatre d\u2019accord de recevoir r\u00e9guli\u00e8rement la newsletter de Vinzenz Meier. Les adresses e-mail sont utilis\u00e9es uniquement pour l\u2019envoi de la newsletter. Les donn\u00e9es de la client\u00e8le ne sont pas transmises \u00e0 des tiers. Si une newsletter est envoy\u00e9e par erreur ou qu\u2019elle n\u2019est plus souhait\u00e9e, il est possible de s\u2019en d\u00e9sabonner en tout temps en cliquant sur le lien mentionn\u00e9 au bas de la newsletter.<\/p>\n<p>&nbsp;<\/p>\n<p>&nbsp;<\/p>\n<h1>Webshop<\/h1>\n<p>&nbsp;<\/p>\n<h2>1. Frais de livraison et d\u2019exp\u00e9dition<\/h2>\n<p>Les articles disponibles en stock \u00e0 l\u2019entrep\u00f4t central de Kleind\u00f6ttingen sont livr\u00e9s ou mis \u00e0 disposition pour la collecte dans un d\u00e9lai de 1 \u00e0 4 jours ouvrables.<\/p>\n<p>\u00c0 partir d\u2019une valeur de commande de CHF 500.00, les frais de livraison sont supprim\u00e9s et les articles sont livr\u00e9s franco domicile. Pour une commande d\u2019une valeur comprise entre CHF 100.00 et CHF 499.95, 9% de la valeur de la commande sont factur\u00e9s comme frais d\u2019envoi. Pour toute commande d\u2019une valeur inf\u00e9rieure \u00e0 CHF 100.00, des frais d\u2019envoi forfaitaires de CHF 9.00 sont factur\u00e9s.<\/p>\n<p>Les livraisons ne s\u2019effectuent qu\u2019en Suisse et au Liechtenstein.<\/p>\n<p>&nbsp;<\/p>\n<h2>2. Suppl\u00e9ment pour petites quantit\u00e9s<\/h2>\n<p>Pour toute commande d\u2019une valeur inf\u00e9rieure \u00e0 CHF 50.00, un suppl\u00e9ment pour petites quantit\u00e9s de CHF 15.00 est factur\u00e9 en plus des frais d\u2019exp\u00e9dition.<\/p>\n<p>&nbsp;<\/p>\n<h2>3. Options de paiement<\/h2>\n<p>Les modes de paiement suivants peuvent \u00eatre utilis\u00e9s dans notre boutique en ligne:<\/p>\n<p><strong>Cartes de cr\u00e9dit<\/strong><br \/>\nNous acceptons les cartes <em>Mastercard<\/em> et <em>Visa.<\/em><\/p>\n<p><strong>PostFinance<\/strong><br \/>\nNous acceptons la <em>PostFinance Card<\/em> et le paiement par <em>e finance de PostFinance.<\/em><\/p>\n<p><strong>TWINT<\/strong><br \/>\nNous acceptons les paiements par <em>TWINT.<\/em><\/p>\n<p><strong>Factures<\/strong><br \/>\nLa client\u00e8le fid\u00e8le qui paie sur facture dans nos succursales a \u00e9galement la possibilit\u00e9 de payer sur facture dans notre boutique en ligne.<\/p>\n","protected":false},"excerpt":{"rendered":"<p>Avec le lancement de la carte client\u00e8le VM, Vinzenz Meier SA, 8050 Zurich (ci-apr\u00e8s \u00abVinzenz Meier\u00bb) souhaite cr\u00e9er dans ses succursales des structures d\u2019achat claires pour le commerce sp\u00e9cialis\u00e9 dans le domaine des articles de d\u00e9coration et des accessoires de fleuristerie. Cette carte te donne le droit de faire des achats dans toutes les succursales [&hellip;]<\/p>\n","protected":false},"author":1,"featured_media":0,"parent":0,"menu_order":0,"comment_status":"closed","ping_status":"closed","template":"","meta":{"_acf_changed":false,"footnotes":""},"class_list":["post-62698","page","type-page","status-publish","hentry"],"acf":[],"yoast_head":"<!-- This site is optimized with the Yoast SEO plugin v27.3 - https:\/\/yoast.com\/product\/yoast-seo-wordpress\/ -->\n<title>Les dispositions de Vinzenz Meier en mati\u00e8re de bons d&#039;achat<\/title>\n<meta name=\"description\" content=\"Avec l&#039;introduction de la carte client Vinzenz Meier, Vinzenz Meier SA vise \u00e0 cr\u00e9er des structures d&#039;achat claires dans ses succursales.\" \/>\n<meta name=\"robots\" content=\"index, follow, max-snippet:-1, max-image-preview:large, max-video-preview:-1\" \/>\n<link rel=\"canonical\" href=\"https:\/\/www.vinzenzmeier.ch\/fr\/dispositions-dachat\/\" \/>\n<meta property=\"og:locale\" content=\"fr_FR\" \/>\n<meta property=\"og:type\" content=\"article\" \/>\n<meta property=\"og:title\" content=\"Les dispositions de Vinzenz Meier en mati\u00e8re de bons d&#039;achat\" \/>\n<meta property=\"og:description\" content=\"Avec l&#039;introduction de la carte client Vinzenz Meier, Vinzenz Meier SA vise \u00e0 cr\u00e9er des structures d&#039;achat claires dans ses succursales.\" \/>\n<meta property=\"og:url\" content=\"https:\/\/www.vinzenzmeier.ch\/fr\/dispositions-dachat\/\" \/>\n<meta property=\"og:site_name\" content=\"Vinzenz Meier\" \/>\n<meta property=\"article:modified_time\" content=\"2026-03-25T08:25:40+00:00\" \/>\n<meta name=\"twitter:card\" content=\"summary_large_image\" \/>\n<meta name=\"twitter:label1\" content=\"Dur\u00e9e de lecture estim\u00e9e\" \/>\n\t<meta name=\"twitter:data1\" content=\"5 minutes\" \/>\n<script type=\"application\/ld+json\" class=\"yoast-schema-graph\">{\"@context\":\"https:\\\/\\\/schema.org\",\"@graph\":[{\"@type\":\"WebPage\",\"@id\":\"https:\\\/\\\/www.vinzenzmeier.ch\\\/fr\\\/dispositions-dachat\\\/\",\"url\":\"https:\\\/\\\/www.vinzenzmeier.ch\\\/fr\\\/dispositions-dachat\\\/\",\"name\":\"Les dispositions de Vinzenz Meier en mati\u00e8re de bons d'achat\",\"isPartOf\":{\"@id\":\"https:\\\/\\\/www.vinzenzmeier.ch\\\/#website\"},\"datePublished\":\"2021-06-27T17:35:42+00:00\",\"dateModified\":\"2026-03-25T08:25:40+00:00\",\"description\":\"Avec l'introduction de la carte client Vinzenz Meier, Vinzenz Meier SA vise \u00e0 cr\u00e9er des structures d'achat claires dans ses succursales.\",\"breadcrumb\":{\"@id\":\"https:\\\/\\\/www.vinzenzmeier.ch\\\/fr\\\/dispositions-dachat\\\/#breadcrumb\"},\"inLanguage\":\"fr-FR\",\"potentialAction\":[{\"@type\":\"ReadAction\",\"target\":[\"https:\\\/\\\/www.vinzenzmeier.ch\\\/fr\\\/dispositions-dachat\\\/\"]}]},{\"@type\":\"BreadcrumbList\",\"@id\":\"https:\\\/\\\/www.vinzenzmeier.ch\\\/fr\\\/dispositions-dachat\\\/#breadcrumb\",\"itemListElement\":[{\"@type\":\"ListItem\",\"position\":1,\"name\":\"Startseite\",\"item\":\"https:\\\/\\\/www.vinzenzmeier.ch\\\/fr\\\/\"},{\"@type\":\"ListItem\",\"position\":2,\"name\":\"Conditions d\u2019achat\"}]},{\"@type\":\"WebSite\",\"@id\":\"https:\\\/\\\/www.vinzenzmeier.ch\\\/#website\",\"url\":\"https:\\\/\\\/www.vinzenzmeier.ch\\\/\",\"name\":\"Vinzenz Meier\",\"description\":\"\",\"publisher\":{\"@id\":\"https:\\\/\\\/www.vinzenzmeier.ch\\\/#organization\"},\"potentialAction\":[{\"@type\":\"SearchAction\",\"target\":{\"@type\":\"EntryPoint\",\"urlTemplate\":\"https:\\\/\\\/www.vinzenzmeier.ch\\\/?s={search_term_string}\"},\"query-input\":{\"@type\":\"PropertyValueSpecification\",\"valueRequired\":true,\"valueName\":\"search_term_string\"}}],\"inLanguage\":\"fr-FR\"},{\"@type\":\"Organization\",\"@id\":\"https:\\\/\\\/www.vinzenzmeier.ch\\\/#organization\",\"name\":\"Vinzenz Meier\",\"url\":\"https:\\\/\\\/www.vinzenzmeier.ch\\\/\",\"logo\":{\"@type\":\"ImageObject\",\"inLanguage\":\"fr-FR\",\"@id\":\"https:\\\/\\\/www.vinzenzmeier.ch\\\/#\\\/schema\\\/logo\\\/image\\\/\",\"url\":\"https:\\\/\\\/www.vinzenzmeier.ch\\\/wp-content\\\/uploads\\\/2021\\\/06\\\/vinzenz_meier_logo.jpg\",\"contentUrl\":\"https:\\\/\\\/www.vinzenzmeier.ch\\\/wp-content\\\/uploads\\\/2021\\\/06\\\/vinzenz_meier_logo.jpg\",\"width\":150,\"height\":150,\"caption\":\"Vinzenz Meier\"},\"image\":{\"@id\":\"https:\\\/\\\/www.vinzenzmeier.ch\\\/#\\\/schema\\\/logo\\\/image\\\/\"}}]}<\/script>\n<!-- \/ Yoast SEO plugin. -->","yoast_head_json":{"title":"Les dispositions de Vinzenz Meier en mati\u00e8re de bons d'achat","description":"Avec l'introduction de la carte client Vinzenz Meier, Vinzenz Meier SA vise \u00e0 cr\u00e9er des structures d'achat claires dans ses succursales.","robots":{"index":"index","follow":"follow","max-snippet":"max-snippet:-1","max-image-preview":"max-image-preview:large","max-video-preview":"max-video-preview:-1"},"canonical":"https:\/\/www.vinzenzmeier.ch\/fr\/dispositions-dachat\/","og_locale":"fr_FR","og_type":"article","og_title":"Les dispositions de Vinzenz Meier en mati\u00e8re de bons d'achat","og_description":"Avec l'introduction de la carte client Vinzenz Meier, Vinzenz Meier SA vise \u00e0 cr\u00e9er des structures d'achat claires dans ses succursales.","og_url":"https:\/\/www.vinzenzmeier.ch\/fr\/dispositions-dachat\/","og_site_name":"Vinzenz Meier","article_modified_time":"2026-03-25T08:25:40+00:00","twitter_card":"summary_large_image","twitter_misc":{"Dur\u00e9e de lecture estim\u00e9e":"5 minutes"},"schema":{"@context":"https:\/\/schema.org","@graph":[{"@type":"WebPage","@id":"https:\/\/www.vinzenzmeier.ch\/fr\/dispositions-dachat\/","url":"https:\/\/www.vinzenzmeier.ch\/fr\/dispositions-dachat\/","name":"Les dispositions de Vinzenz Meier en mati\u00e8re de bons d'achat","isPartOf":{"@id":"https:\/\/www.vinzenzmeier.ch\/#website"},"datePublished":"2021-06-27T17:35:42+00:00","dateModified":"2026-03-25T08:25:40+00:00","description":"Avec l'introduction de la carte client Vinzenz Meier, Vinzenz Meier SA vise \u00e0 cr\u00e9er des structures d'achat claires dans ses succursales.","breadcrumb":{"@id":"https:\/\/www.vinzenzmeier.ch\/fr\/dispositions-dachat\/#breadcrumb"},"inLanguage":"fr-FR","potentialAction":[{"@type":"ReadAction","target":["https:\/\/www.vinzenzmeier.ch\/fr\/dispositions-dachat\/"]}]},{"@type":"BreadcrumbList","@id":"https:\/\/www.vinzenzmeier.ch\/fr\/dispositions-dachat\/#breadcrumb","itemListElement":[{"@type":"ListItem","position":1,"name":"Startseite","item":"https:\/\/www.vinzenzmeier.ch\/fr\/"},{"@type":"ListItem","position":2,"name":"Conditions d\u2019achat"}]},{"@type":"WebSite","@id":"https:\/\/www.vinzenzmeier.ch\/#website","url":"https:\/\/www.vinzenzmeier.ch\/","name":"Vinzenz Meier","description":"","publisher":{"@id":"https:\/\/www.vinzenzmeier.ch\/#organization"},"potentialAction":[{"@type":"SearchAction","target":{"@type":"EntryPoint","urlTemplate":"https:\/\/www.vinzenzmeier.ch\/?s={search_term_string}"},"query-input":{"@type":"PropertyValueSpecification","valueRequired":true,"valueName":"search_term_string"}}],"inLanguage":"fr-FR"},{"@type":"Organization","@id":"https:\/\/www.vinzenzmeier.ch\/#organization","name":"Vinzenz Meier","url":"https:\/\/www.vinzenzmeier.ch\/","logo":{"@type":"ImageObject","inLanguage":"fr-FR","@id":"https:\/\/www.vinzenzmeier.ch\/#\/schema\/logo\/image\/","url":"https:\/\/www.vinzenzmeier.ch\/wp-content\/uploads\/2021\/06\/vinzenz_meier_logo.jpg","contentUrl":"https:\/\/www.vinzenzmeier.ch\/wp-content\/uploads\/2021\/06\/vinzenz_meier_logo.jpg","width":150,"height":150,"caption":"Vinzenz Meier"},"image":{"@id":"https:\/\/www.vinzenzmeier.ch\/#\/schema\/logo\/image\/"}}]}},"_links":{"self":[{"href":"https:\/\/www.vinzenzmeier.ch\/fr\/wp-json\/wp\/v2\/pages\/62698","targetHints":{"allow":["GET"]}}],"collection":[{"href":"https:\/\/www.vinzenzmeier.ch\/fr\/wp-json\/wp\/v2\/pages"}],"about":[{"href":"https:\/\/www.vinzenzmeier.ch\/fr\/wp-json\/wp\/v2\/types\/page"}],"author":[{"embeddable":true,"href":"https:\/\/www.vinzenzmeier.ch\/fr\/wp-json\/wp\/v2\/users\/1"}],"replies":[{"embeddable":true,"href":"https:\/\/www.vinzenzmeier.ch\/fr\/wp-json\/wp\/v2\/comments?post=62698"}],"version-history":[{"count":16,"href":"https:\/\/www.vinzenzmeier.ch\/fr\/wp-json\/wp\/v2\/pages\/62698\/revisions"}],"predecessor-version":[{"id":80980,"href":"https:\/\/www.vinzenzmeier.ch\/fr\/wp-json\/wp\/v2\/pages\/62698\/revisions\/80980"}],"wp:attachment":[{"href":"https:\/\/www.vinzenzmeier.ch\/fr\/wp-json\/wp\/v2\/media?parent=62698"}],"curies":[{"name":"wp","href":"https:\/\/api.w.org\/{rel}","templated":true}]}}